{"id":4526,"date":"2015-05-21T19:42:57","date_gmt":"2015-05-21T19:42:57","guid":{"rendered":"https:\/\/ractechnologies.comercialrac.com.mx\/?page_id=4526"},"modified":"2015-05-21T20:07:22","modified_gmt":"2015-05-21T20:07:22","slug":"sistemas-de-seguridad","status":"publish","type":"page","link":"https:\/\/ractechnologies.comercialrac.com.mx\/?page_id=4526","title":{"rendered":"Sistemas de Seguridad"},"content":{"rendered":"<p><img decoding=\"async\" loading=\"lazy\" class=\"alignnone\" src=\"https:\/\/ractechnologies.comercialrac.com.mx\/wp-content\/uploads\/2015\/05\/sistema-de-seguridad-banner.png\" alt=\"\" width=\"944\" height=\"200\" \/><\/p>\n<div id=\"stcpDiv\">Las soluciones de seguridad IP de Panasonic aportan la tecnolog\u00eda m\u00e1s actual y una enorme cantidad de funciones innovadoras para un gran n\u00famero de aplicaciones de video vigilancia y monitorizaci\u00f3n. Desde c\u00e1maras IP, equipadas de detecci\u00f3n facial hasta grabadores IP Full HD de altas prestaciones, codificadores y descodificadores IP e incluyendo sistemas de matriz IP. De hecho, toda la gama de productos IP se ha creado pensando en el futuro y es compatible con ONVIF: aportando velocidad, inteligencia, versatilidad y fiabilidad cuando m\u00e1s se necesitan.<\/div>\n<div><\/div>\n<div>\n<p>&nbsp;<\/p>\n<p>&nbsp;<\/p>\n<table class=\" aligncenter\">\n<tbody>\n<tr>\n<td><a href=\"https:\/\/ractechnologies.comercialrac.com.mx\/cctv-panasonic-2\/\"><img decoding=\"async\" loading=\"lazy\" class=\" aligncenter\" src=\"https:\/\/ractechnologies.comercialrac.com.mx\/wp-content\/uploads\/2015\/05\/camaras-de-red-domo1.png\" alt=\"\" width=\"392\" height=\"83\" \/><\/a><\/td>\n<td>\u00a0<a href=\"https:\/\/ractechnologies.comercialrac.com.mx\/cctv-panasonic-3\/\"><img decoding=\"async\" loading=\"lazy\" class=\" aligncenter\" src=\"https:\/\/ractechnologies.comercialrac.com.mx\/wp-content\/uploads\/2015\/05\/camaras-de-red-fija.png\" alt=\"\" width=\"392\" height=\"83\" \/><\/a><\/td>\n<\/tr>\n<tr>\n<td>\u00a0<a href=\"https:\/\/ractechnologies.comercialrac.com.mx\/cctv-panasonic\/\"><img decoding=\"async\" loading=\"lazy\" class=\" aligncenter\" src=\"https:\/\/ractechnologies.comercialrac.com.mx\/wp-content\/uploads\/2015\/05\/camaras-de-domo-fijo-2.png\" alt=\"\" width=\"392\" height=\"83\" \/><\/a><\/td>\n<td>\u00a0<a href=\"https:\/\/ractechnologies.comercialrac.com.mx\/cctv-panasonic-4\/\"><img decoding=\"async\" loading=\"lazy\" class=\"aligncenter\" src=\"https:\/\/ractechnologies.comercialrac.com.mx\/wp-content\/uploads\/2015\/05\/videograbadores-de-red-4.png\" alt=\"\" width=\"392\" height=\"83\" \/><\/a><\/td>\n<\/tr>\n<\/tbody>\n<\/table>\n<p>&nbsp;<\/p>\n<p>&nbsp;<\/p>\n<\/div>\n<div><\/div>\n<div><\/div>\n","protected":false},"excerpt":{"rendered":"<p>Las soluciones de seguridad IP de Panasonic aportan la tecnolog\u00eda m\u00e1s actual y una enorme cantidad de funciones innovadoras para un gran n\u00famero de aplicaciones de video vigilancia y monitorizaci\u00f3n. Desde c\u00e1maras IP, equipadas de detecci\u00f3n facial hasta grabadores IP Full HD de altas prestaciones, codificadores y descodificadores IP e incluyendo sistemas de matriz IP. [&hellip;]<\/p>\n","protected":false},"author":383,"featured_media":0,"parent":0,"menu_order":0,"comment_status":"open","ping_status":"open","template":"fullwidthpage.php","meta":[],"aioseo_notices":[],"_links":{"self":[{"href":"https:\/\/ractechnologies.comercialrac.com.mx\/index.php?rest_route=\/wp\/v2\/pages\/4526"}],"collection":[{"href":"https:\/\/ractechnologies.comercialrac.com.mx\/index.php?rest_route=\/wp\/v2\/pages"}],"about":[{"href":"https:\/\/ractechnologies.comercialrac.com.mx\/index.php?rest_route=\/wp\/v2\/types\/page"}],"author":[{"embeddable":true,"href":"https:\/\/ractechnologies.comercialrac.com.mx\/index.php?rest_route=\/wp\/v2\/users\/383"}],"replies":[{"embeddable":true,"href":"https:\/\/ractechnologies.comercialrac.com.mx\/index.php?rest_route=%2Fwp%2Fv2%2Fcomments&post=4526"}],"version-history":[{"count":8,"href":"https:\/\/ractechnologies.comercialrac.com.mx\/index.php?rest_route=\/wp\/v2\/pages\/4526\/revisions"}],"predecessor-version":[{"id":4535,"href":"https:\/\/ractechnologies.comercialrac.com.mx\/index.php?rest_route=\/wp\/v2\/pages\/4526\/revisions\/4535"}],"wp:attachment":[{"href":"https:\/\/ractechnologies.comercialrac.com.mx\/index.php?rest_route=%2Fwp%2Fv2%2Fmedia&parent=4526"}],"curies":[{"name":"wp","href":"https:\/\/api.w.org\/{rel}","templated":true}]}}