{"id":4226,"date":"2014-03-03T16:53:39","date_gmt":"2014-03-03T16:53:39","guid":{"rendered":"https:\/\/ractechnologies.comercialrac.com.mx\/?page_id=4226"},"modified":"2014-03-14T19:45:48","modified_gmt":"2014-03-14T19:45:48","slug":"ns-partner-program","status":"publish","type":"page","link":"https:\/\/ractechnologies.comercialrac.com.mx\/?page_id=4226","title":{"rendered":"NS Partner Program"},"content":{"rendered":"<p><img decoding=\"async\" loading=\"lazy\" class=\"alignnone\" alt=\"\" src=\"https:\/\/ractechnologies.comercialrac.com.mx\/wp-content\/uploads\/2014\/03\/27.EncaNsPartnerProgram.png\" width=\"944\" height=\"200\" \/><\/p>\n<h3><span style=\"line-height: 1.5em;\">Hoy d\u00eda con la creciente demanda de Telefon\u00eda IP, Panasonic ha creado nuevas y poderosas plataformas para implementar Soluciones de Comunicaciones Unificadas y desplegar servicios de Telefon\u00eda sobre IP, y con la finalidad de dar servicios de valor agregado y aumentar el potencial de negocio ha dise\u00f1ado un programa de socios exclusivos para productos NS.<\/span><\/h3>\n<h3>Como parte de la estrategia de la introducci\u00f3n al mercado \u00a0de los \u00a0Servidores \u00a0de Comunicaciones NS1000, Panasonic de M\u00e9xico S.A de C.V. inicia la Certificaci\u00f3n en esta nueva Plataforma de Comunicaciones Unificadas y Soluciones de Telefon\u00eda sobre IP.<\/h3>\n<h3>Este programa permite a las empresas y profesionales de PBX mejorar sus negocios utilizando nuestra nueva Plataforma de Comunicaciones Unificadas. \u00a0El programa est\u00e1 orientado a integradores de sistemas, distribuidores avanzados de PBX y proveedores de soluciones quienes reconocen las Plataformas de Telefon\u00eda sobre IP y las Comunicaciones Unificadas, como soluciones de valor para satisfacer los requerimientos de comunicaci\u00f3n de sus clientes y obtener ganancias de este proceso<\/h3>\n<h3>Si usted desea mas informaci\u00f3n sobre NS Partner Program escribanos a info@distribuidorespanasonic.com.mx<\/h3>\n<p>&nbsp;<\/p>\n<p><img decoding=\"async\" loading=\"lazy\" class=\"alignnone\" alt=\"\" src=\"https:\/\/ractechnologies.comercialrac.com.mx\/wp-content\/uploads\/2014\/03\/96.NSPartnerProgram.png\" width=\"944\" height=\"450\" \/><\/p>\n","protected":false},"excerpt":{"rendered":"<p>Hoy d\u00eda con la creciente demanda de Telefon\u00eda IP, Panasonic ha creado nuevas y poderosas plataformas para implementar Soluciones de Comunicaciones Unificadas y desplegar servicios de Telefon\u00eda sobre IP, y con la finalidad de dar servicios de valor agregado y aumentar el potencial de negocio ha dise\u00f1ado un programa de socios exclusivos para productos NS. [&hellip;]<\/p>\n","protected":false},"author":383,"featured_media":0,"parent":0,"menu_order":0,"comment_status":"open","ping_status":"open","template":"fullwidthpage.php","meta":[],"aioseo_notices":[],"_links":{"self":[{"href":"https:\/\/ractechnologies.comercialrac.com.mx\/index.php?rest_route=\/wp\/v2\/pages\/4226"}],"collection":[{"href":"https:\/\/ractechnologies.comercialrac.com.mx\/index.php?rest_route=\/wp\/v2\/pages"}],"about":[{"href":"https:\/\/ractechnologies.comercialrac.com.mx\/index.php?rest_route=\/wp\/v2\/types\/page"}],"author":[{"embeddable":true,"href":"https:\/\/ractechnologies.comercialrac.com.mx\/index.php?rest_route=\/wp\/v2\/users\/383"}],"replies":[{"embeddable":true,"href":"https:\/\/ractechnologies.comercialrac.com.mx\/index.php?rest_route=%2Fwp%2Fv2%2Fcomments&post=4226"}],"version-history":[{"count":7,"href":"https:\/\/ractechnologies.comercialrac.com.mx\/index.php?rest_route=\/wp\/v2\/pages\/4226\/revisions"}],"predecessor-version":[{"id":4291,"href":"https:\/\/ractechnologies.comercialrac.com.mx\/index.php?rest_route=\/wp\/v2\/pages\/4226\/revisions\/4291"}],"wp:attachment":[{"href":"https:\/\/ractechnologies.comercialrac.com.mx\/index.php?rest_route=%2Fwp%2Fv2%2Fmedia&parent=4226"}],"curies":[{"name":"wp","href":"https:\/\/api.w.org\/{rel}","templated":true}]}}