{"id":4056,"date":"2014-02-27T18:23:52","date_gmt":"2014-02-27T18:23:52","guid":{"rendered":"https:\/\/ractechnologies.comercialrac.com.mx\/?page_id=4056"},"modified":"2014-05-26T18:50:33","modified_gmt":"2014-05-26T18:50:33","slug":"kx-ns500","status":"publish","type":"page","link":"https:\/\/ractechnologies.comercialrac.com.mx\/?page_id=4056","title":{"rendered":"KX-NS500"},"content":{"rendered":"<p style=\"text-align: right;\"><img decoding=\"async\" loading=\"lazy\" class=\"alignnone\" alt=\"\" src=\"https:\/\/ractechnologies.comercialrac.com.mx\/wp-content\/uploads\/2014\/03\/EN22.NS500.png\" width=\"944\" height=\"200\" \/><img decoding=\"async\" loading=\"lazy\" class=\"alignnone\" style=\"line-height: 1.5em;\" alt=\"\" src=\"https:\/\/ractechnologies.comercialrac.com.mx\/wp-content\/uploads\/2013\/11\/folleto1.png\" width=\"150\" height=\"30\" \/><a href=\"https:\/\/ractechnologies.comercialrac.com.mx\/wp-content\/uploads\/2014\/03\/BR03NS500FT.pdf\"><img decoding=\"async\" loading=\"lazy\" style=\"line-height: 1.5em;\" alt=\"\" src=\"https:\/\/ractechnologies.comercialrac.com.mx\/wp-content\/uploads\/2013\/11\/ficha1.png\" width=\"150\" height=\"30\" \/><\/a><\/p>\n<h1 style=\"text-align: left;\"><span style=\"color: #6600cc;\">KX-NS500<\/span><\/h1>\n<h2><span style=\"color: #6600cc;\">Soluci\u00f3n de comunicaciones para empresas<\/span><\/h2>\n<h3 style=\"text-align: justify;\">Para cualquier empresa de peque\u00f1o y mediano tama\u00f1o que busque aprovechar el gran cr\u00e9dito de Panasonic en tecnolog\u00eda de calidad sin necesidad de grandes presupuestos, la nueva soluci\u00f3n de comunicaciones unificadas KX-NS500 tiene la respuesta. Este PBX h\u00edbrido inteligente es un sistema de comunicaci\u00f3n rentable que integra las comunicaciones tradicionales y las comunicaciones IP para empresas con hasta 250 empleados. Esta soluci\u00f3n ofrece una configuraci\u00f3n flexible y puede ampliarse en funci\u00f3n de las necesidades espec\u00edficas de la empresa.<\/h3>\n<h3 style=\"text-align: justify;\"><strong>Posibilidad de ampliaci\u00f3n hasta 288 extensiones<\/strong><\/h3>\n<h3 style=\"text-align: justify;\">El conmutador IP KX-NS500 incluye funciones avanzadas a partir de seis conexiones troncales anal\u00f3gicas y 18 extensiones, con capacidad de ampliaci\u00f3n hasta 190 canales y 288 extensiones mediante la agregaci\u00f3n de unidades de expansi\u00f3n. Esta soluci\u00f3n ofrece adem\u00e1s un sistema de comunicaciones unificadas con numerosas funciones IP, como enlace m\u00f3vil, correo de voz y correo electr\u00f3nico integrados, mensajer\u00eda instant\u00e1nea (chat) e informaci\u00f3n de presencia.<\/h3>\n<h3 style=\"text-align: justify;\">Tambi\u00e9n se pueden utilizar aplicaciones integradas, como una soluci\u00f3n de centro de llamadas, una soluci\u00f3n m\u00f3vil y un sistema de correo de voz, para facilitar el trabajo y aumentar la satisfacci\u00f3n del cliente.<\/h3>\n<p>&nbsp;<\/p>\n<p><img decoding=\"async\" loading=\"lazy\" class=\"alignnone\" alt=\"\" src=\"https:\/\/ractechnologies.comercialrac.com.mx\/wp-content\/uploads\/2014\/03\/19.NS500CAP.png\" width=\"944\" height=\"300\" \/><\/p>\n<address>\u2022 Correo de voz optimizado\u00a0<\/address>\n<address>\u2022 Grabaci\u00f3n y respaldo de conversaciones\u00a0<\/address>\n<address>\u2022 Integraci\u00f3n de funciones para Call Center<\/address>\n<address>\u2022 Instalaci\u00f3n para extensiones remotas<\/address>\n<address><span style=\"line-height: 1.5em;\">\u2022 Smartphone como\u00a0<\/span>extensi\u00f3n<span style=\"line-height: 1.5em;\">\u00a0<\/span><\/address>\n<address><span style=\"line-height: 1.5em;\">\u2022 N\u00famero de\u00a0<\/span>extensi\u00f3n<span style=\"line-height: 1.5em;\">\u00a0<\/span>\u00fanico<span style=\"line-height: 1.5em;\">\u00a0<\/span><\/address>\n<address><span style=\"line-height: 1.5em;\">\u2022 Operadora\u00a0<\/span>autom\u00e1tica<span style=\"line-height: 1.5em;\">\u00a0integrada\u00a0<\/span><\/address>\n","protected":false},"excerpt":{"rendered":"<p>KX-NS500 Soluci\u00f3n de comunicaciones para empresas Para cualquier empresa de peque\u00f1o y mediano tama\u00f1o que busque aprovechar el gran cr\u00e9dito de Panasonic en tecnolog\u00eda de calidad sin necesidad de grandes presupuestos, la nueva soluci\u00f3n de comunicaciones unificadas KX-NS500 tiene la respuesta. Este PBX h\u00edbrido inteligente es un sistema de comunicaci\u00f3n rentable que integra las comunicaciones [&hellip;]<\/p>\n","protected":false},"author":383,"featured_media":0,"parent":0,"menu_order":0,"comment_status":"open","ping_status":"open","template":"fullwidthpage.php","meta":[],"aioseo_notices":[],"_links":{"self":[{"href":"https:\/\/ractechnologies.comercialrac.com.mx\/index.php?rest_route=\/wp\/v2\/pages\/4056"}],"collection":[{"href":"https:\/\/ractechnologies.comercialrac.com.mx\/index.php?rest_route=\/wp\/v2\/pages"}],"about":[{"href":"https:\/\/ractechnologies.comercialrac.com.mx\/index.php?rest_route=\/wp\/v2\/types\/page"}],"author":[{"embeddable":true,"href":"https:\/\/ractechnologies.comercialrac.com.mx\/index.php?rest_route=\/wp\/v2\/users\/383"}],"replies":[{"embeddable":true,"href":"https:\/\/ractechnologies.comercialrac.com.mx\/index.php?rest_route=%2Fwp%2Fv2%2Fcomments&post=4056"}],"version-history":[{"count":12,"href":"https:\/\/ractechnologies.comercialrac.com.mx\/index.php?rest_route=\/wp\/v2\/pages\/4056\/revisions"}],"predecessor-version":[{"id":4062,"href":"https:\/\/ractechnologies.comercialrac.com.mx\/index.php?rest_route=\/wp\/v2\/pages\/4056\/revisions\/4062"}],"wp:attachment":[{"href":"https:\/\/ractechnologies.comercialrac.com.mx\/index.php?rest_route=%2Fwp%2Fv2%2Fmedia&parent=4056"}],"curies":[{"name":"wp","href":"https:\/\/api.w.org\/{rel}","templated":true}]}}