{"id":360,"date":"2013-10-24T17:02:36","date_gmt":"2013-10-24T17:02:36","guid":{"rendered":"http:\/\/localhost\/ComercialRac\/?page_id=360"},"modified":"2014-03-08T04:07:25","modified_gmt":"2014-03-08T04:07:25","slug":"jussan","status":"publish","type":"page","link":"https:\/\/ractechnologies.comercialrac.com.mx\/?page_id=360","title":{"rendered":"Jusan"},"content":{"rendered":"<p><img decoding=\"async\" loading=\"lazy\" class=\"alignnone\" alt=\"\" src=\"https:\/\/ractechnologies.comercialrac.com.mx\/wp-content\/uploads\/2014\/03\/EN25-JUSAN.png\" width=\"944\" height=\"200\" \/><\/p>\n<p><a href=\"https:\/\/ractechnologies.comercialrac.com.mx\/wp-content\/uploads\/2014\/03\/BR20JUSANSISTGRAB.pdf\" target=\"_blank\"><img decoding=\"async\" loading=\"lazy\" class=\"alignright\" alt=\"\" src=\"https:\/\/ractechnologies.comercialrac.com.mx\/wp-content\/uploads\/2013\/11\/folleto1.png\" width=\"150\" height=\"30\" \/><\/a><\/p>\n<p>&nbsp;<\/p>\n<h1><span style=\"line-height: 1.5em;\">Recall \u2013 Soluciones Profesionales de Grabaci\u00f3n para L\u00edneas y Extensiones de PBX<\/span><\/h1>\n<h3>En multitud de organizaciones es imprescindible poder grabar la interacci\u00f3n con el cliente, tanto para cumplir con las normas impuestas por el sector, como para optimizar la gesti\u00f3n de los datos de una transacci\u00f3n.\u00a0Una vez realizada la grabaci\u00f3n es muy importante poder localizarla r\u00e1pidamente, que sea de buena calidad, que se pueda encriptar, y que su acceso est\u00e9 debidamente protegido.<\/h3>\n<h3>RECALL ofrece soluciones para todo tipo de instalaciones, para grabar llamadas internas y externas, l\u00edneas o extensiones, y para grabaci\u00f3n permanente o bajo demanda. En entornos mixtos, se pueden combinar distintos modelos de Recall, con una gesti\u00f3n com\u00fan de las grabaciones a partir de un \u00fanico software de b\u00fasqueda y escucha.\u00a0Los datos de la llamada son almacenados junto con la grabaci\u00f3n en una base de datos SQL. El audio es comprimido y almacenado en ficheros .wav est\u00e1ndar, o encriptados.<\/h3>\n<h3>Un software de gesti\u00f3n intuitivo permite la busqueda y escucha de grabaciones v\u00eda web desde cualquier ubicaci\u00f3n, y un mecanismo integrado de alarmas permite prevenir los problemas ocasionados por cortes de luz, aver\u00edas en las l\u00edneas telef\u00f3nicas.<\/h3>\n<h3>La familia Recall proporciona al cliente una soluci\u00f3n de grabaci\u00f3n fiable y escalable, de altas prestaciones, y a la vez f\u00e1cil de gestionar. Ideal para asegurar pedidos y conversaciones, resolver disputas, mejorar calidad de servicio, aumentar productividad y cumplir con normas legales.<\/h3>\n<p>&nbsp;<\/p>\n<p><img decoding=\"async\" loading=\"lazy\" class=\"alignnone\" alt=\"\" src=\"https:\/\/ractechnologies.comercialrac.com.mx\/wp-content\/uploads\/2014\/03\/93.SoftdeGestion.png\" width=\"944\" height=\"400\" \/><\/p>\n","protected":false},"excerpt":{"rendered":"<p>&nbsp; Recall \u2013 Soluciones Profesionales de Grabaci\u00f3n para L\u00edneas y Extensiones de PBX En multitud de organizaciones es imprescindible poder grabar la interacci\u00f3n con el cliente, tanto para cumplir con las normas impuestas por el sector, como para optimizar la gesti\u00f3n de los datos de una transacci\u00f3n.\u00a0Una vez realizada la grabaci\u00f3n es muy importante poder [&hellip;]<\/p>\n","protected":false},"author":383,"featured_media":0,"parent":0,"menu_order":0,"comment_status":"open","ping_status":"open","template":"fullwidthpage.php","meta":[],"aioseo_notices":[],"_links":{"self":[{"href":"https:\/\/ractechnologies.comercialrac.com.mx\/index.php?rest_route=\/wp\/v2\/pages\/360"}],"collection":[{"href":"https:\/\/ractechnologies.comercialrac.com.mx\/index.php?rest_route=\/wp\/v2\/pages"}],"about":[{"href":"https:\/\/ractechnologies.comercialrac.com.mx\/index.php?rest_route=\/wp\/v2\/types\/page"}],"author":[{"embeddable":true,"href":"https:\/\/ractechnologies.comercialrac.com.mx\/index.php?rest_route=\/wp\/v2\/users\/383"}],"replies":[{"embeddable":true,"href":"https:\/\/ractechnologies.comercialrac.com.mx\/index.php?rest_route=%2Fwp%2Fv2%2Fcomments&post=360"}],"version-history":[{"count":19,"href":"https:\/\/ractechnologies.comercialrac.com.mx\/index.php?rest_route=\/wp\/v2\/pages\/360\/revisions"}],"predecessor-version":[{"id":4252,"href":"https:\/\/ractechnologies.comercialrac.com.mx\/index.php?rest_route=\/wp\/v2\/pages\/360\/revisions\/4252"}],"wp:attachment":[{"href":"https:\/\/ractechnologies.comercialrac.com.mx\/index.php?rest_route=%2Fwp%2Fv2%2Fmedia&parent=360"}],"curies":[{"name":"wp","href":"https:\/\/api.w.org\/{rel}","templated":true}]}}