{"id":358,"date":"2013-10-24T17:02:07","date_gmt":"2013-10-24T17:02:07","guid":{"rendered":"http:\/\/localhost\/ComercialRac\/?page_id=358"},"modified":"2016-05-23T17:33:11","modified_gmt":"2016-05-23T17:33:11","slug":"sat-win","status":"publish","type":"page","link":"https:\/\/ractechnologies.comercialrac.com.mx\/?page_id=358","title":{"rendered":"SattWin"},"content":{"rendered":"<p><img decoding=\"async\" loading=\"lazy\" class=\"alignnone\" src=\"https:\/\/ractechnologies.comercialrac.com.mx\/wp-content\/uploads\/2014\/03\/ENC26SATWIN.png\" alt=\"\" width=\"944\" height=\"200\" \/><\/p>\n<p><a href=\"https:\/\/ractechnologies.comercialrac.com.mx\/wp-content\/uploads\/2014\/03\/BR21Sattwin.pdf\" target=\"_blank\"><img decoding=\"async\" loading=\"lazy\" class=\"alignright\" src=\"https:\/\/ractechnologies.comercialrac.com.mx\/wp-content\/uploads\/2013\/11\/folleto1.png\" alt=\"\" width=\"150\" height=\"30\" \/><\/a><\/p>\n<p>&nbsp;<\/p>\n<h1><\/h1>\n<h1>El software tarificador de llamadas m\u00e1s poderoso del mercado.<\/h1>\n<h3><span style=\"font-size: 14px; line-height: 1.5em;\">Es un aplicaci\u00f3n que permite almacenar, registrar y cuantificar los datos de todas las Llamadas Telef\u00f3nicas que se realizan desde un conmutador. Los resultados se obtienen mediante una serie de estad\u00edsticas y reportes los cuales hacen referencia a los detalles de las llamadas, obteniendo as\u00ed informes necesarios que permitan evaluar entre otros aspectos los costos y uso de su Servicio Telef\u00f3nico.<\/span><\/h3>\n<p>&nbsp;<\/p>\n<p><img decoding=\"async\" loading=\"lazy\" class=\"alignnone\" src=\"https:\/\/ractechnologies.comercialrac.com.mx\/wp-content\/uploads\/2014\/03\/95.SattwinVentajas.png\" alt=\"\" width=\"944\" height=\"400\" \/><\/p>\n<p>&nbsp;<\/p>\n<p>&nbsp;<\/p>\n<p>&nbsp;<\/p>\n<p>&nbsp;<\/p>\n<p>&nbsp;<\/p>\n","protected":false},"excerpt":{"rendered":"<p>&nbsp; El software tarificador de llamadas m\u00e1s poderoso del mercado. Es un aplicaci\u00f3n que permite almacenar, registrar y cuantificar los datos de todas las Llamadas Telef\u00f3nicas que se realizan desde un conmutador. Los resultados se obtienen mediante una serie de estad\u00edsticas y reportes los cuales hacen referencia a los detalles de las llamadas, obteniendo as\u00ed [&hellip;]<\/p>\n","protected":false},"author":383,"featured_media":0,"parent":0,"menu_order":0,"comment_status":"open","ping_status":"open","template":"fullwidthpage.php","meta":[],"aioseo_notices":[],"_links":{"self":[{"href":"https:\/\/ractechnologies.comercialrac.com.mx\/index.php?rest_route=\/wp\/v2\/pages\/358"}],"collection":[{"href":"https:\/\/ractechnologies.comercialrac.com.mx\/index.php?rest_route=\/wp\/v2\/pages"}],"about":[{"href":"https:\/\/ractechnologies.comercialrac.com.mx\/index.php?rest_route=\/wp\/v2\/types\/page"}],"author":[{"embeddable":true,"href":"https:\/\/ractechnologies.comercialrac.com.mx\/index.php?rest_route=\/wp\/v2\/users\/383"}],"replies":[{"embeddable":true,"href":"https:\/\/ractechnologies.comercialrac.com.mx\/index.php?rest_route=%2Fwp%2Fv2%2Fcomments&post=358"}],"version-history":[{"count":9,"href":"https:\/\/ractechnologies.comercialrac.com.mx\/index.php?rest_route=\/wp\/v2\/pages\/358\/revisions"}],"predecessor-version":[{"id":4737,"href":"https:\/\/ractechnologies.comercialrac.com.mx\/index.php?rest_route=\/wp\/v2\/pages\/358\/revisions\/4737"}],"wp:attachment":[{"href":"https:\/\/ractechnologies.comercialrac.com.mx\/index.php?rest_route=%2Fwp%2Fv2%2Fmedia&parent=358"}],"curies":[{"name":"wp","href":"https:\/\/api.w.org\/{rel}","templated":true}]}}