{"id":3555,"date":"2013-12-05T01:48:41","date_gmt":"2013-12-05T01:48:41","guid":{"rendered":"http:\/\/crac-prueba.comercialrac.com.mx\/?page_id=690"},"modified":"2014-05-27T19:35:05","modified_gmt":"2014-05-27T19:35:05","slug":"ultimas-noticias-2","status":"publish","type":"page","link":"https:\/\/ractechnologies.comercialrac.com.mx\/?page_id=3555","title":{"rendered":"Ultimas Noticias"},"content":{"rendered":"<h1><img decoding=\"async\" loading=\"lazy\" class=\"alignnone\" alt=\"\" src=\"https:\/\/ractechnologies.comercialrac.com.mx\/wp-content\/uploads\/2013\/12\/EN16.Ultimas-Noticias1.png\" width=\"944\" height=\"200\" \/><\/h1>\n<h1><\/h1>\n<h1>Mexico segundo lugar en Comunicaciones Unificadas en AL<\/h1>\n<h2>Cloud y Movilidad son los grandes motores que impulsan la adopci\u00f3n de Comunicaciones Unificadas en las empresas; la inversi\u00f3n en M\u00e9xico representa el 25% al 2013, equivalente a 206.9 millones de d\u00f3lares<\/h2>\n<h2><\/h2>\n<p>&nbsp;<\/p>\n<div><span style=\"font-size: medium;\">De acuerdo con el estudio de IDC Unified Communications Tracker 1H13, M\u00e9xico ocupa la segunda posici\u00f3n en adopci\u00f3n de Comunicaciones Unificadas en Am\u00e9rica Latina, representando el 25% al 2013, equivalente a 206.9 millones de d\u00f3lares. Para los pr\u00f3ximos a\u00f1os se espera que tenga un crecimiento promedio acumulado del 10% (CAGR 2013 a 2017), crecimiento superior a econom\u00edas emergentes como Brasil, de acuerdo con datos proporcionados por IDC.<\/span><span style=\"line-height: 1.5em; font-size: medium;\">Para los pr\u00f3ximos a\u00f1os se espera que tenga un crecimiento promedio acumulado del 10% (CAGR 2013 a 2017), crecimiento superior a econom\u00edas emergentes como Brasil, de acuerdo con datos proporcionados por IDC.<\/span><span style=\"line-height: 1.5em; font-size: medium;\">Para entender mejor el comportamiento de esta tecnolog\u00eda en nuestro pa\u00eds, Andrea Valencia, Analista de Telecomunicaciones en IDC M\u00e9xico, se\u00f1al\u00f3 que el sector de educaci\u00f3n es quien est\u00e1 presentando una demanda a la alza de estos servicios, como resultado del empuje de las nuevas generaciones que exigen entornos m\u00e1s comunicados y un acervo de formaci\u00f3n de nivel mundial.<\/span><\/p>\n<\/div>\n<p><span style=\"line-height: 1.5em; font-size: medium;\">\u201cPara los pr\u00f3ximos a\u00f1os observamos en el mercado dos grandes motores que estar\u00e1n empujando la adopci\u00f3n en Comunicaciones Unificadas: Cloud y Movilidad. Hoy en d\u00eda, la nube permite desplegar r\u00e1pidamente diversos servicios sin tener que invertir, implementar o gestionar directamente en las instalaciones del cliente, eliminando posibles barreras como la falta de capital y personal. Con lo anterior, los recursos pasan a ser el\u00e1sticos y escalables de forma r\u00e1pida y sencilla por medio de una cuota mensual\u201d, apunt\u00f3 la analista.<\/span><\/p>\n<p><span style=\"line-height: 1.5em; font-size: medium;\">En el \u00e1mbito de la movilidad, se observa que el 31% de las empresas mexicanas moviliza hasta 50% de sus empleados, mientras que el 51% moviliza entre 11% y 49%, lo que representa un reto mayor en estar brindando a los empleados herramientas de comunicaci\u00f3n para estar acelerando los procesos de negocio.<\/span><\/p>\n<p><span style=\"line-height: 1.5em; font-size: medium;\">La analista sugiere que para incentivar a\u00fan m\u00e1s la inversi\u00f3n en Comunicaciones Unificadas, tiene que existir en el mercado un trabajo mutuo por parte de la industria y las organizaciones. Esto debido a que una parte de las empresas mexicanas presentan un rezago importante en infraestructura, y la migraci\u00f3n a nuevos entornos de comunicaci\u00f3n, aunado a la poca comprensi\u00f3n en rentabilidad del proyecto, desincentiva a las empresas a invertir, ya que lo visualizan como complejos y sin valor.\u00a0<\/span><\/p>\n<p><span style=\"line-height: 1.5em; font-size: medium;\">Por \u00faltimo, la analista se\u00f1ala que uno de los segmentos de mercado que tiene oportunidades atractivas de crecimiento para los pr\u00f3ximos a\u00f1os son las pymes, esto debido a la falta de migraci\u00f3n a infraestructura IP o la falta de acoplamiento de soluciones de UC&amp;C sobre la infraestructura ya desplegada.\u00a0<\/span><\/p>\n<p><span style=\"font-size: medium;\"><a style=\"line-height: 1.5em; text-align: justify;\" href=\"http:\/\/mundocontact.com\/mexico-segundo-lugar-en-comunicaciones-unificadas-en-al\/\">http:\/\/mundocontact.com\/mexico-segundo-lugar-en-comunicaciones-unificadas-en-al\/<\/a><span style=\"line-height: 1.5em; text-align: justify;\">\u00a0<\/span><\/span><\/p>\n<h3><\/h3>\n","protected":false},"excerpt":{"rendered":"<p>Mexico segundo lugar en Comunicaciones Unificadas en AL Cloud y Movilidad son los grandes motores que impulsan la adopci\u00f3n de Comunicaciones Unificadas en las empresas; la inversi\u00f3n en M\u00e9xico representa el 25% al 2013, equivalente a 206.9 millones de d\u00f3lares &nbsp; De acuerdo con el estudio de IDC Unified Communications Tracker 1H13, M\u00e9xico ocupa la [&hellip;]<\/p>\n","protected":false},"author":383,"featured_media":0,"parent":0,"menu_order":0,"comment_status":"open","ping_status":"open","template":"fullwidthpage.php","meta":[],"aioseo_notices":[],"_links":{"self":[{"href":"https:\/\/ractechnologies.comercialrac.com.mx\/index.php?rest_route=\/wp\/v2\/pages\/3555"}],"collection":[{"href":"https:\/\/ractechnologies.comercialrac.com.mx\/index.php?rest_route=\/wp\/v2\/pages"}],"about":[{"href":"https:\/\/ractechnologies.comercialrac.com.mx\/index.php?rest_route=\/wp\/v2\/types\/page"}],"author":[{"embeddable":true,"href":"https:\/\/ractechnologies.comercialrac.com.mx\/index.php?rest_route=\/wp\/v2\/users\/383"}],"replies":[{"embeddable":true,"href":"https:\/\/ractechnologies.comercialrac.com.mx\/index.php?rest_route=%2Fwp%2Fv2%2Fcomments&post=3555"}],"version-history":[{"count":23,"href":"https:\/\/ractechnologies.comercialrac.com.mx\/index.php?rest_route=\/wp\/v2\/pages\/3555\/revisions"}],"predecessor-version":[{"id":4368,"href":"https:\/\/ractechnologies.comercialrac.com.mx\/index.php?rest_route=\/wp\/v2\/pages\/3555\/revisions\/4368"}],"wp:attachment":[{"href":"https:\/\/ractechnologies.comercialrac.com.mx\/index.php?rest_route=%2Fwp%2Fv2%2Fmedia&parent=3555"}],"curies":[{"name":"wp","href":"https:\/\/api.w.org\/{rel}","templated":true}]}}