{"id":3546,"date":"2013-10-24T17:25:53","date_gmt":"2013-10-24T17:25:53","guid":{"rendered":"http:\/\/localhost\/ComercialRac\/?page_id=393"},"modified":"2020-05-21T22:05:51","modified_gmt":"2020-05-21T22:05:51","slug":"aviso-de-privacidad","status":"publish","type":"page","link":"https:\/\/ractechnologies.comercialrac.com.mx\/?page_id=3546","title":{"rendered":"Aviso de Privacidad"},"content":{"rendered":"<h3>Comercial Rac S.A. de C.V., sociedad constituida conforme a las leyes mexicanas con domicilio en H\u00e9roes de 1914 N\u00famero 50 despacho 205, Colonia 8 de Agosto, C.P. 01180, Delegaci\u00f3n \u00c1lvaro Obreg\u00f3n, Ciudad de M\u00e9xico, reconoce la importancia del tratamiento legitimo controlado e informado de sus datos personales.<\/h3>\n<h3>Este aviso de privacidad se pone a su disposici\u00f3n para dar cumplimiento a las disposiciones de la Ley Federal de Protecci\u00f3n de Datos Personales en Posesi\u00f3n de los Particulares. Ademas de darle a conocer el tratamiento de la informaci\u00f3n que usted nos proporcione<\/h3>\n<h3>En Comercial Rac S.A. de C.V. \u00a0estamos comprometidos con el derecho a la privacidad y el derecho a la autodeterminaci\u00f3n informativa y procuramos cumplir en todo momento con los principios adoptados para el tratamiento de sus datos personales, como son, el de licitud, consentimiento, informaci\u00f3n, calidad, finalidad, lealtad, proporcionalidad y responsabilidad.<\/h3>\n<h3>Los datos que usted nos proporcione son \u00a0de forma voluntaria y ser\u00e1n recabado bajo las siguientes modalidades:<\/h3>\n<h3>\u2022\u00a0Personalmente. Cuando usted vaya a nuestras oficinas o nos solicite que alguno de nuestros consultores lo visite en sus instalaciones.<\/h3>\n<h3>\u2022\u00a0Directa. Cuando usted proporcione sus datos personales para solicitar o contratar nuestros servicios o adquirir cualquiera de nuestros productos por cualquiera de nuestros medios de contacto como puede ser p\u00e1gina web, correo electr\u00f3nico, llamada telef\u00f3nica, entre otros.<\/h3>\n<h3>\u2022\u00a0Indirecta. De cualquier otra manera permitida por la ley.<\/h3>\n<h3><em>Los datos que solicitar\u00e1n ser\u00e1n:<\/em><\/h3>\n<h3>\u2022\u00a0Datos de la persona moral o f\u00edsica para elaboraci\u00f3n de contratos y\/o cotizaciones y\/o pedidos y\/o facturas<\/h3>\n<h3>\u2022\u00a0Datos financieros y comerciales<\/h3>\n<h3>\u2022\u00a0Datos Acad\u00e9micos, laborales.<\/h3>\n<h3>\u2022\u00a0Otros que s\u00f3lo competan a la operaci\u00f3n comercial que se lleva acabo.<\/h3>\n<h2>Finalidades y uso de datos personales<\/h2>\n<h3>Los datos personales se recaban con fines de comunicaci\u00f3n y fincar operaciones propias que Comercial Rac S.A de C.V. de acuerdo a su objeto social, como son propuestas comerciales, elaboraci\u00f3n de contratos, documentar promociones, cotizaciones, pedidos o facturas.<\/h3>\n<h3>Las anteriores finalidades pueden incluir: proporcionar informaci\u00f3n sobre nuestros productos, servicios, promociones; enviar comunicaciones comerciales por correo electr\u00f3nico o por cualquier otro medio de comunicaci\u00f3n electr\u00f3nica equivalente; registrar; administrar encuestas, sorteos, concursos y promociones; cubrir solicitudes de procesos internos; mejorar nuestros productos y servicios adecu\u00e1ndonos a las necesidades y preferencias de nuestros clientes.<\/h3>\n<h2>Seguridad de la informaci\u00f3n<\/h2>\n<h3>Comercial Rac S.A. de C.V. ha adoptado las medidas de seguridad t\u00e9cnicas, f\u00edsicas y administrativas razonables para procurar que sus datos personales est\u00e9n seguros as\u00ed como restringidos y limitados a personal que requiera tener acceso a ellos, con el fin de proteger sus datos personales contra da\u00f1o, p\u00e9rdida, alteraci\u00f3n, destrucci\u00f3n, uso, acceso o tratamiento no autorizado y llevar a cabo las finalidades descritas.<\/h3>\n<h2>Informaci\u00f3n compartida con terceras personas<\/h2>\n<h3>Comercial Rac S.A. de C.V. \u00a0no vende, cede o transfiere su informaci\u00f3n personal a terceros, salvo en las circunstancias siguientes:<\/h3>\n<h3>\u2022\u00a0Empresas de Marketing. Proporcionar\u00e1 s\u00f3lo datos como nombre y\/o raz\u00f3n social, e-mail para hacer comunicados sobre informaci\u00f3n de productos o promociones relacionados con los servicios que proporcionamos.<\/h3>\n<h3>\u2022\u00a0Personal de la empresa. Proporcionar\u00e1 sus datos como nombre y\/o raz\u00f3n social y direcci\u00f3n para realizar servicios e instalaciones relacionadas con los servicios contratados.<\/h3>\n<h3>\u2022\u00a0Empresas Contratistas. Proporcionar\u00e1 sus datos como nombre y\/o raz\u00f3n social y direcci\u00f3n para realizar servicios e instalaciones relacionadas con los servicios contratados.<\/h3>\n<h3>\u2022\u00a0Empresas de Cobranza Proporcionar\u00e1 sus datos como nombre y\/o raz\u00f3n social y direcci\u00f3n para realizar cobros atrasados que no haya realizado seg\u00fan nuestro contrato o convenio.<\/h3>\n<h2>Derechos que les corresponden respecto a sus datos personales<\/h2>\n<h3>Como titular de datos personales usted podr\u00e1 ejercitar ante el encargado de protecci\u00f3n de datos personales de Comercial Rac S.A. de C.V., los derechos de acceso, rectificaci\u00f3n, cancelaci\u00f3n y oposici\u00f3n, debiendo para tal efecto presentar la solicitud por escrito al responsable que deber\u00e1 de contener como m\u00ednimo lo siguiente:<\/h3>\n<h3>a) El nombre del titular y domicilio u otro medio para comunicarle la respuesta a su solicitud.<br \/>\nb) Los documentos que acrediten la identidad o, en su caso, la representaci\u00f3n legal del titular.<br \/>\nc) La descripci\u00f3n clara y precisa de los datos personales respecto de los que se busca ejercer alguno de los derechos.<br \/>\nd) Cualquier otro elemento o documento que facilite la localizaci\u00f3n de los datos personales, as\u00ed como cualquier otro documento que exija la legislaci\u00f3n vigente al momento de la presentaci\u00f3n de la solicitud.<\/h3>\n<h3>Comercial Rac S.A. de C.V. \u00a0le permite modificar su informaci\u00f3n y preferencias de \u00e9sta en el momento que usted quiera, a trav\u00e9s de la liga de Preferencias o Desuscripci\u00f3n que siempre se incluyen en los correos electr\u00f3nicos que Comercial Rac S.A. de C.V. env\u00eda. Tambi\u00e9n puede solicitar que se elimine su registro, basta con enviar un correo electr\u00f3nico a unsubscribe@ractechnologies.comercialrac.com.mx<\/h3>\n<h2>Cambios al Aviso de Privacidad<\/h2>\n<h3>Comercial Rac S.A de C.V. \u00a0se reserva el derecho de realizar cambios al presente Aviso de Privacidad, en cuyo caso los informaremos de la siguiente manera: (a) envi\u00e1ndole un correo electr\u00f3nico a la direcci\u00f3n que nos proporcion\u00f3 en la Forma de Registro y\/o (b) publicando el aviso en nuestra p\u00e1gina web <a href=\"https:\/\/ractechnologies.comercialrac.com.mx\">www.comerciarac.com.mx.<\/a><\/h3>\n","protected":false},"excerpt":{"rendered":"<p>Comercial Rac S.A. de C.V., sociedad constituida conforme a las leyes mexicanas con domicilio en H\u00e9roes de 1914 N\u00famero 50 despacho 205, Colonia 8 de Agosto, C.P. 01180, Delegaci\u00f3n \u00c1lvaro Obreg\u00f3n, Ciudad de M\u00e9xico, reconoce la importancia del tratamiento legitimo controlado e informado de sus datos personales. Este aviso de privacidad se pone a su [&hellip;]<\/p>\n","protected":false},"author":383,"featured_media":0,"parent":0,"menu_order":0,"comment_status":"closed","ping_status":"closed","template":"fullwidthpage.php","meta":[],"aioseo_notices":[],"_links":{"self":[{"href":"https:\/\/ractechnologies.comercialrac.com.mx\/index.php?rest_route=\/wp\/v2\/pages\/3546"}],"collection":[{"href":"https:\/\/ractechnologies.comercialrac.com.mx\/index.php?rest_route=\/wp\/v2\/pages"}],"about":[{"href":"https:\/\/ractechnologies.comercialrac.com.mx\/index.php?rest_route=\/wp\/v2\/types\/page"}],"author":[{"embeddable":true,"href":"https:\/\/ractechnologies.comercialrac.com.mx\/index.php?rest_route=\/wp\/v2\/users\/383"}],"replies":[{"embeddable":true,"href":"https:\/\/ractechnologies.comercialrac.com.mx\/index.php?rest_route=%2Fwp%2Fv2%2Fcomments&post=3546"}],"version-history":[{"count":2,"href":"https:\/\/ractechnologies.comercialrac.com.mx\/index.php?rest_route=\/wp\/v2\/pages\/3546\/revisions"}],"predecessor-version":[{"id":5095,"href":"https:\/\/ractechnologies.comercialrac.com.mx\/index.php?rest_route=\/wp\/v2\/pages\/3546\/revisions\/5095"}],"wp:attachment":[{"href":"https:\/\/ractechnologies.comercialrac.com.mx\/index.php?rest_route=%2Fwp%2Fv2%2Fmedia&parent=3546"}],"curies":[{"name":"wp","href":"https:\/\/api.w.org\/{rel}","templated":true}]}}