{"id":3544,"date":"2013-10-24T17:25:13","date_gmt":"2013-10-24T17:25:13","guid":{"rendered":"http:\/\/localhost\/ComercialRac\/?page_id=389"},"modified":"2014-03-06T18:57:26","modified_gmt":"2014-03-06T18:57:26","slug":"nosotros-2","status":"publish","type":"page","link":"https:\/\/ractechnologies.comercialrac.com.mx\/?page_id=3544","title":{"rendered":"Nosotros"},"content":{"rendered":"<h3><a href=\"https:\/\/ractechnologies.comercialrac.com.mx\/wp-content\/uploads\/2013\/11\/Nosotros1.png\"><img decoding=\"async\" loading=\"lazy\" class=\"alignnone size-full wp-image-583\" alt=\"Nosotros\" src=\"https:\/\/ractechnologies.comercialrac.com.mx\/wp-content\/uploads\/2013\/11\/Nosotros1.png\" width=\"944\" height=\"200\" \/><\/a><\/h3>\n<h3><\/h3>\n<h3>Con mas de 30 a\u00f1os dentro del mercado de las telecomunicaciones Comercial Rac S.A. de C.V. ofrece su red de integradores el mejor portafolio de productos y servicios para el desarrollo de soluciones y sistemas de comunicaci\u00f3n avanzada.<\/h3>\n<h3>Comercial Rac es mayorista nacional certificado \u00abSilver Partner de Panasonic Mexico S.A. de C.V. contamos con una amplia red de integradores en el territorio nacional<\/h3>\n<h3>Contamos con la certificaci\u00f3n \u00abSelect Partner\u00bb de Cisco, ademas de ser mayorista de marcas prestigiadas como son Plantronics, Linksys, Jusan, ASP Connectivity, \u00a0y otras marcas que nos hace tener un excelente portafolio de productos para cubrir las necesidades de nuestros integradores.<\/h3>\n<h3><span style=\"font-size: 15px;\">Nuestro equipo de trabajo esta formado por ingenieros y consultores certificados por Panasonic System Networks \u00a0Co LTD,\u00a0as\u00ed como t\u00e9cnicos especializados en soluciones de\u00a0comunicaci\u00f3n que nos ayudan a dar soporte y\u00a0capacitaci\u00f3n a nuestra red de integradores.<\/span><\/h3>\n<h2><\/h2>\n<h2><b>Misi\u00f3n<\/b><\/h2>\n<h3>Proporcionar a nuestros integradores productos de ultima generaci\u00f3n y servicios de calidad para mejorar la oferta del equipamiento hacia el publico en general, as\u00ed como desarrollar soluciones en comunicaci\u00f3n que satisfagan las necesidades de diversos sectores.<\/h3>\n<h2><b>Garant\u00eda de nuestros servicios\u00a0<\/b><\/h2>\n<h3>Todos nuestros productos y servicios cuentan con garant\u00eda lo que nos brinda la confianza y satisfacci\u00f3n de nuestros integradores.<\/h3>\n<h2><b>Capacitaci\u00f3n continua\u00a0<\/b><\/h2>\n<h3>Es muy importante para nosotros mantener a nuestro personal capacitado con la finalidad de brindarles a nuestros integradores \u00a0el adecuado soporte en los servicios que ellos presten.<\/h3>\n","protected":false},"excerpt":{"rendered":"<p>Con mas de 30 a\u00f1os dentro del mercado de las telecomunicaciones Comercial Rac S.A. de C.V. ofrece su red de integradores el mejor portafolio de productos y servicios para el desarrollo de soluciones y sistemas de comunicaci\u00f3n avanzada. Comercial Rac es mayorista nacional certificado \u00abSilver Partner de Panasonic Mexico S.A. de C.V. contamos con una [&hellip;]<\/p>\n","protected":false},"author":383,"featured_media":0,"parent":0,"menu_order":0,"comment_status":"open","ping_status":"open","template":"fullwidthpage.php","meta":[],"aioseo_notices":[],"_links":{"self":[{"href":"https:\/\/ractechnologies.comercialrac.com.mx\/index.php?rest_route=\/wp\/v2\/pages\/3544"}],"collection":[{"href":"https:\/\/ractechnologies.comercialrac.com.mx\/index.php?rest_route=\/wp\/v2\/pages"}],"about":[{"href":"https:\/\/ractechnologies.comercialrac.com.mx\/index.php?rest_route=\/wp\/v2\/types\/page"}],"author":[{"embeddable":true,"href":"https:\/\/ractechnologies.comercialrac.com.mx\/index.php?rest_route=\/wp\/v2\/users\/383"}],"replies":[{"embeddable":true,"href":"https:\/\/ractechnologies.comercialrac.com.mx\/index.php?rest_route=%2Fwp%2Fv2%2Fcomments&post=3544"}],"version-history":[{"count":1,"href":"https:\/\/ractechnologies.comercialrac.com.mx\/index.php?rest_route=\/wp\/v2\/pages\/3544\/revisions"}],"predecessor-version":[{"id":4277,"href":"https:\/\/ractechnologies.comercialrac.com.mx\/index.php?rest_route=\/wp\/v2\/pages\/3544\/revisions\/4277"}],"wp:attachment":[{"href":"https:\/\/ractechnologies.comercialrac.com.mx\/index.php?rest_route=%2Fwp%2Fv2%2Fmedia&parent=3544"}],"curies":[{"name":"wp","href":"https:\/\/api.w.org\/{rel}","templated":true}]}}