{"id":3543,"date":"2013-10-24T17:09:29","date_gmt":"2013-10-24T17:09:29","guid":{"rendered":"http:\/\/localhost\/ComercialRac\/?page_id=380"},"modified":"2014-03-02T05:48:21","modified_gmt":"2014-03-02T05:48:21","slug":"condumex","status":"publish","type":"page","link":"https:\/\/ractechnologies.comercialrac.com.mx\/?page_id=3543","title":{"rendered":"Condumex"},"content":{"rendered":"<p><img decoding=\"async\" loading=\"lazy\" class=\"alignnone\" alt=\"\" src=\"https:\/\/ractechnologies.comercialrac.com.mx\/wp-content\/uploads\/2014\/02\/EN23ENCCONDUMEX.png\" width=\"944\" height=\"200\" \/><\/p>\n<h3><img decoding=\"async\" loading=\"lazy\" class=\"alignright\" alt=\"\" src=\"https:\/\/ractechnologies.comercialrac.com.mx\/wp-content\/uploads\/2013\/11\/folleto1.png\" width=\"150\" height=\"30\" \/><\/h3>\n<h3><\/h3>\n<h3><\/h3>\n<h3><\/h3>\n<h3><\/h3>\n<h3>Con una experiencia de m\u00e1s de medio siglo, Grupo Condumex es el productor mexicano m\u00e1s importante de cables para la industria de las telecomunicaciones, tanto por la diversidad y el n\u00famero de sus productos, como por su calidad, brindando la m\u00e1s amplia gama de soluciones para cualquier aplicaci\u00f3n en este ramo<\/h3>\n<p>&nbsp;<\/p>\n<table border=\"0\">\n<tbody>\n<tr>\n<td><img decoding=\"async\" loading=\"lazy\" class=\"alignnone\" alt=\"\" src=\"https:\/\/ractechnologies.comercialrac.com.mx\/wp-content\/uploads\/2014\/02\/65.CordonDistribuidor.png\" width=\"468\" height=\"200\" \/><\/td>\n<td><img decoding=\"async\" loading=\"lazy\" class=\"alignnone\" alt=\"\" src=\"https:\/\/ractechnologies.comercialrac.com.mx\/wp-content\/uploads\/2014\/02\/66.CableEktel.png\" width=\"468\" height=\"200\" \/><\/td>\n<\/tr>\n<tr>\n<td><img decoding=\"async\" loading=\"lazy\" class=\"alignnone\" alt=\"\" src=\"https:\/\/ractechnologies.comercialrac.com.mx\/wp-content\/uploads\/2014\/02\/67.CableAcometida.png\" width=\"468\" height=\"200\" \/><\/td>\n<td>\u00a0<img decoding=\"async\" loading=\"lazy\" class=\"alignnone\" alt=\"\" src=\"https:\/\/ractechnologies.comercialrac.com.mx\/wp-content\/uploads\/2014\/02\/68.CableScreb.png\" width=\"468\" height=\"200\" \/><\/td>\n<\/tr>\n<tr>\n<td>\u00a0<img decoding=\"async\" loading=\"lazy\" class=\"alignnone\" alt=\"\" src=\"https:\/\/ractechnologies.comercialrac.com.mx\/wp-content\/uploads\/2014\/02\/69.CableUTPCat5e.png\" width=\"468\" height=\"200\" \/><\/td>\n<td><img decoding=\"async\" loading=\"lazy\" class=\"alignnone\" alt=\"\" src=\"https:\/\/ractechnologies.comercialrac.com.mx\/wp-content\/uploads\/2014\/02\/70.CableUTPCat6.png\" width=\"468\" height=\"200\" \/><\/td>\n<\/tr>\n<\/tbody>\n<\/table>\n<h2><\/h2>\n<p>&nbsp;<\/p>\n","protected":false},"excerpt":{"rendered":"<p>Con una experiencia de m\u00e1s de medio siglo, Grupo Condumex es el productor mexicano m\u00e1s importante de cables para la industria de las telecomunicaciones, tanto por la diversidad y el n\u00famero de sus productos, como por su calidad, brindando la m\u00e1s amplia gama de soluciones para cualquier aplicaci\u00f3n en este ramo &nbsp; \u00a0 \u00a0 &nbsp;<\/p>\n","protected":false},"author":383,"featured_media":0,"parent":0,"menu_order":0,"comment_status":"open","ping_status":"open","template":"fullwidthpage.php","meta":[],"aioseo_notices":[],"_links":{"self":[{"href":"https:\/\/ractechnologies.comercialrac.com.mx\/index.php?rest_route=\/wp\/v2\/pages\/3543"}],"collection":[{"href":"https:\/\/ractechnologies.comercialrac.com.mx\/index.php?rest_route=\/wp\/v2\/pages"}],"about":[{"href":"https:\/\/ractechnologies.comercialrac.com.mx\/index.php?rest_route=\/wp\/v2\/types\/page"}],"author":[{"embeddable":true,"href":"https:\/\/ractechnologies.comercialrac.com.mx\/index.php?rest_route=\/wp\/v2\/users\/383"}],"replies":[{"embeddable":true,"href":"https:\/\/ractechnologies.comercialrac.com.mx\/index.php?rest_route=%2Fwp%2Fv2%2Fcomments&post=3543"}],"version-history":[{"count":11,"href":"https:\/\/ractechnologies.comercialrac.com.mx\/index.php?rest_route=\/wp\/v2\/pages\/3543\/revisions"}],"predecessor-version":[{"id":4189,"href":"https:\/\/ractechnologies.comercialrac.com.mx\/index.php?rest_route=\/wp\/v2\/pages\/3543\/revisions\/4189"}],"wp:attachment":[{"href":"https:\/\/ractechnologies.comercialrac.com.mx\/index.php?rest_route=%2Fwp%2Fv2%2Fmedia&parent=3543"}],"curies":[{"name":"wp","href":"https:\/\/api.w.org\/{rel}","templated":true}]}}