{"id":3541,"date":"2013-10-24T17:08:27","date_gmt":"2013-10-24T17:08:27","guid":{"rendered":"http:\/\/localhost\/ComercialRac\/?page_id=376"},"modified":"2020-02-20T19:11:42","modified_gmt":"2020-02-20T19:11:42","slug":"asp","status":"publish","type":"page","link":"https:\/\/ractechnologies.comercialrac.com.mx\/?page_id=3541","title":{"rendered":"ASP"},"content":{"rendered":"<h3><img decoding=\"async\" loading=\"lazy\" class=\"alignnone\" src=\"https:\/\/ractechnologies.comercialrac.com.mx\/wp-content\/uploads\/2014\/03\/EN21ASP.png\" alt=\"\" width=\"944\" height=\"200\" \/><\/h3>\n<h3><a href=\"https:\/\/ractechnologies.comercialrac.com.mx\/wp-content\/uploads\/2014\/03\/BR22CatalogoConectividad.pdf\" target=\"_blank\" rel=\"noopener noreferrer\"><img decoding=\"async\" loading=\"lazy\" class=\"alignright\" src=\"https:\/\/ractechnologies.comercialrac.com.mx\/wp-content\/uploads\/2013\/11\/folleto1.png\" alt=\"\" width=\"150\" height=\"30\" \/><\/a><\/h3>\n<h3><\/h3>\n<h3><\/h3>\n<h3><\/h3>\n<h3><\/h3>\n<h3><\/h3>\n<h3>ASP Connectivity en una marca canadiense que ofrece una soluci\u00f3n de administraci\u00f3n de red de alto rendimiento, una fiabilidad y un soporte excepcionales, fabricado de acuerdo con los est\u00e1ndares de calidad europeos y tiene la cobertura de\u00a030 a\u00f1os de garant\u00eda.<\/h3>\n<h3>ASP Connectivity representa la gama mas amplia posible de soluciones de red. dentro del mercado, f\u00e1ciles de instalar<\/h3>\n<h3>El sistema de ASP Connectivity esta fabricado de acuerdo con los estrictos est\u00e1ndares europeos de calidad y certificado de forma independiente de acuerdo con los est\u00e1ndares internacionales m\u00e1s exigentes, ofrece una soluci\u00f3n superior perfecta para los entornos de red llenos de desaf\u00edos de hoy en d\u00eda.<\/h3>\n<h3>Con un enfoque en las pruebas independientes y una garant\u00eda de 30 a\u00f1os para el producto y la aplicaci\u00f3n, siempre que las instale un integrador autorizado por ASP Connectivity, es f\u00e1cil ver por qu\u00e9 este es el sistema elegido para muchas instalaciones de gobiernos, centros educativos e instalaciones comerciales dentro del mercado Norte Americano.<\/h3>\n<table border=\"0\">\n<tbody>\n<tr>\n<td><\/td>\n<td>\n<h1 style=\"text-align: right;\"><span style=\"color: #000000;\"><em>Conectividad<\/em><\/span><\/h1>\n<\/td>\n<\/tr>\n<tr>\n<td>\u00a0<img decoding=\"async\" loading=\"lazy\" class=\"alignnone\" src=\"https:\/\/ractechnologies.comercialrac.com.mx\/wp-content\/uploads\/2014\/03\/92.CableCategoria6.png\" alt=\"\" width=\"468\" height=\"200\" \/><\/td>\n<td><img decoding=\"async\" loading=\"lazy\" class=\"alignnone\" src=\"https:\/\/ractechnologies.comercialrac.com.mx\/wp-content\/uploads\/2014\/03\/77.JackCat5e.png\" alt=\"\" width=\"468\" height=\"200\" \/><\/td>\n<\/tr>\n<tr>\n<td><img decoding=\"async\" loading=\"lazy\" class=\"alignnone\" src=\"https:\/\/ractechnologies.comercialrac.com.mx\/wp-content\/uploads\/2014\/03\/78.FacePlate.png\" alt=\"\" width=\"468\" height=\"200\" \/><\/td>\n<td><img decoding=\"async\" loading=\"lazy\" class=\"alignnone\" src=\"https:\/\/ractechnologies.comercialrac.com.mx\/wp-content\/uploads\/2014\/03\/79.Herramienta-para-Jack.png\" alt=\"\" width=\"468\" height=\"200\" \/><\/td>\n<\/tr>\n<tr>\n<td><img decoding=\"async\" loading=\"lazy\" class=\"alignnone\" src=\"https:\/\/ractechnologies.comercialrac.com.mx\/wp-content\/uploads\/2014\/03\/80.PatchCord.png\" alt=\"\" width=\"468\" height=\"200\" \/><\/td>\n<td><img decoding=\"async\" loading=\"lazy\" class=\"alignnone\" src=\"https:\/\/ractechnologies.comercialrac.com.mx\/wp-content\/uploads\/2014\/03\/81.Regleta.png\" alt=\"\" width=\"468\" height=\"200\" \/><\/td>\n<\/tr>\n<tr>\n<td><\/td>\n<td style=\"text-align: right;\">\n<h1><em>Rack y Accesorios<\/em><\/h1>\n<\/td>\n<\/tr>\n<tr>\n<td><img decoding=\"async\" loading=\"lazy\" class=\"alignnone\" src=\"https:\/\/ractechnologies.comercialrac.com.mx\/wp-content\/uploads\/2014\/03\/82.Patch-Panel.png\" alt=\"\" width=\"468\" height=\"200\" \/><\/td>\n<td><img decoding=\"async\" loading=\"lazy\" class=\"alignnone\" src=\"https:\/\/ractechnologies.comercialrac.com.mx\/wp-content\/uploads\/2014\/03\/83.GabinetedePiso.png\" alt=\"\" width=\"468\" height=\"200\" \/><\/td>\n<\/tr>\n<tr>\n<td><img decoding=\"async\" loading=\"lazy\" class=\"alignnone\" src=\"https:\/\/ractechnologies.comercialrac.com.mx\/wp-content\/uploads\/2014\/03\/84.Kitdetierrafisica.png\" alt=\"\" width=\"468\" height=\"200\" \/><\/td>\n<td><img decoding=\"async\" loading=\"lazy\" class=\"alignnone\" src=\"https:\/\/ractechnologies.comercialrac.com.mx\/wp-content\/uploads\/2014\/03\/84.Rack_.png\" alt=\"\" width=\"468\" height=\"200\" \/><\/td>\n<\/tr>\n<tr>\n<td><img decoding=\"async\" loading=\"lazy\" class=\"alignnone\" src=\"https:\/\/ractechnologies.comercialrac.com.mx\/wp-content\/uploads\/2014\/03\/85.BarradeContactos.png\" alt=\"\" width=\"468\" height=\"200\" \/><\/td>\n<td><img decoding=\"async\" loading=\"lazy\" class=\"alignnone\" src=\"https:\/\/ractechnologies.comercialrac.com.mx\/wp-content\/uploads\/2014\/03\/86.Charolademonitor-.png\" alt=\"\" width=\"468\" height=\"200\" \/><\/td>\n<\/tr>\n<tr>\n<td><img decoding=\"async\" loading=\"lazy\" class=\"alignnone\" src=\"https:\/\/ractechnologies.comercialrac.com.mx\/wp-content\/uploads\/2014\/03\/87.Charoladeservidor.png\" alt=\"\" width=\"468\" height=\"200\" \/><\/td>\n<td><img decoding=\"async\" loading=\"lazy\" class=\"alignnone\" src=\"https:\/\/ractechnologies.comercialrac.com.mx\/wp-content\/uploads\/2014\/03\/87.OrgVertSencillo.png\" alt=\"\" width=\"468\" height=\"200\" \/><\/td>\n<\/tr>\n<tr>\n<td><img decoding=\"async\" loading=\"lazy\" class=\"alignnone\" src=\"https:\/\/ractechnologies.comercialrac.com.mx\/wp-content\/uploads\/2014\/03\/88.OrgVertDoble.png\" alt=\"\" width=\"468\" height=\"200\" \/><\/td>\n<td><img decoding=\"async\" loading=\"lazy\" class=\"alignnone\" src=\"https:\/\/ractechnologies.comercialrac.com.mx\/wp-content\/uploads\/2014\/03\/89.OrgHorAnillos.png\" alt=\"\" width=\"468\" height=\"200\" \/><\/td>\n<\/tr>\n<tr>\n<td><img decoding=\"async\" loading=\"lazy\" class=\"alignnone\" src=\"https:\/\/ractechnologies.comercialrac.com.mx\/wp-content\/uploads\/2014\/03\/90.OrgHorSencillo.png\" alt=\"\" width=\"468\" height=\"200\" \/><\/td>\n<td><img decoding=\"async\" loading=\"lazy\" class=\"alignnone\" src=\"https:\/\/ractechnologies.comercialrac.com.mx\/wp-content\/uploads\/2014\/03\/91.OrgHorDoble.png\" alt=\"\" width=\"468\" height=\"200\" \/><\/td>\n<\/tr>\n<tr>\n<td><\/td>\n<td><\/td>\n<\/tr>\n<tr>\n<td><\/td>\n<td><\/td>\n<\/tr>\n<\/tbody>\n<\/table>\n","protected":false},"excerpt":{"rendered":"<p>ASP Connectivity en una marca canadiense que ofrece una soluci\u00f3n de administraci\u00f3n de red de alto rendimiento, una fiabilidad y un soporte excepcionales, fabricado de acuerdo con los est\u00e1ndares de calidad europeos y tiene la cobertura de\u00a030 a\u00f1os de garant\u00eda. ASP Connectivity representa la gama mas amplia posible de soluciones de red. dentro del mercado, [&hellip;]<\/p>\n","protected":false},"author":383,"featured_media":0,"parent":0,"menu_order":0,"comment_status":"closed","ping_status":"closed","template":"fullwidthpage.php","meta":[],"aioseo_notices":[],"_links":{"self":[{"href":"https:\/\/ractechnologies.comercialrac.com.mx\/index.php?rest_route=\/wp\/v2\/pages\/3541"}],"collection":[{"href":"https:\/\/ractechnologies.comercialrac.com.mx\/index.php?rest_route=\/wp\/v2\/pages"}],"about":[{"href":"https:\/\/ractechnologies.comercialrac.com.mx\/index.php?rest_route=\/wp\/v2\/types\/page"}],"author":[{"embeddable":true,"href":"https:\/\/ractechnologies.comercialrac.com.mx\/index.php?rest_route=\/wp\/v2\/users\/383"}],"replies":[{"embeddable":true,"href":"https:\/\/ractechnologies.comercialrac.com.mx\/index.php?rest_route=%2Fwp%2Fv2%2Fcomments&post=3541"}],"version-history":[{"count":36,"href":"https:\/\/ractechnologies.comercialrac.com.mx\/index.php?rest_route=\/wp\/v2\/pages\/3541\/revisions"}],"predecessor-version":[{"id":5069,"href":"https:\/\/ractechnologies.comercialrac.com.mx\/index.php?rest_route=\/wp\/v2\/pages\/3541\/revisions\/5069"}],"wp:attachment":[{"href":"https:\/\/ractechnologies.comercialrac.com.mx\/index.php?rest_route=%2Fwp%2Fv2%2Fmedia&parent=3541"}],"curies":[{"name":"wp","href":"https:\/\/api.w.org\/{rel}","templated":true}]}}