{"id":3538,"date":"2013-10-23T00:17:31","date_gmt":"2013-10-23T00:17:31","guid":{"rendered":"http:\/\/localhost\/ComercialRac\/?page_id=295"},"modified":"2020-02-20T19:11:27","modified_gmt":"2020-02-20T19:11:27","slug":"aplicaciones","status":"publish","type":"page","link":"https:\/\/ractechnologies.comercialrac.com.mx\/?page_id=3538","title":{"rendered":"Aplicaciones"},"content":{"rendered":"<h2><span style=\"color: #660099;\">Aplicaciones de comunicaciones de Panasonic\u00a0<\/span><\/h2>\n<h3>La simplificaci\u00f3n y mejora de las comunicaciones en tiempo real en su empresa pueden suponer un verdadero reto. Gracias a las aplicaciones de comunicaci\u00f3n de Panasonic, no tiene por qu\u00e9 ser as\u00ed.<\/h3>\n<h3>Innovadoras e intuitivas, nuestras aplicaciones de comunicaci\u00f3n se han desarrollado teniendo en cuenta exclusivamente la productividad del equipo y el usuario. Proporcionan a su empresa todas las herramientas de comunicaci\u00f3n esenciales que necesita para mejorar la eficacia y el servicio al cliente, tanto si sus empleados trabajan en la oficina, en casa o en las instalaciones del cliente.<\/h3>\n<p>&nbsp;<\/p>\n<p><a href=\"https:\/\/ractechnologies.comercialrac.com.mx\/wp-content\/uploads\/2013\/11\/32.Aplicaciones-Communication-Assistant11.png\"><img decoding=\"async\" loading=\"lazy\" class=\"alignnone size-full wp-image-538\" src=\"https:\/\/ractechnologies.comercialrac.com.mx\/wp-content\/uploads\/2013\/11\/32.Aplicaciones-Communication-Assistant1.png\" alt=\"32.Aplicaciones-Communication Assistant\" width=\"480\" height=\"167\" \/><\/a><\/p>\n<p>&nbsp;<\/p>\n","protected":false},"excerpt":{"rendered":"<p>Aplicaciones de comunicaciones de Panasonic\u00a0 La simplificaci\u00f3n y mejora de las comunicaciones en tiempo real en su empresa pueden suponer un verdadero reto. Gracias a las aplicaciones de comunicaci\u00f3n de Panasonic, no tiene por qu\u00e9 ser as\u00ed. Innovadoras e intuitivas, nuestras aplicaciones de comunicaci\u00f3n se han desarrollado teniendo en cuenta exclusivamente la productividad del equipo [&hellip;]<\/p>\n","protected":false},"author":383,"featured_media":0,"parent":0,"menu_order":0,"comment_status":"closed","ping_status":"closed","template":"fullwidthpage.php","meta":[],"aioseo_notices":[],"_links":{"self":[{"href":"https:\/\/ractechnologies.comercialrac.com.mx\/index.php?rest_route=\/wp\/v2\/pages\/3538"}],"collection":[{"href":"https:\/\/ractechnologies.comercialrac.com.mx\/index.php?rest_route=\/wp\/v2\/pages"}],"about":[{"href":"https:\/\/ractechnologies.comercialrac.com.mx\/index.php?rest_route=\/wp\/v2\/types\/page"}],"author":[{"embeddable":true,"href":"https:\/\/ractechnologies.comercialrac.com.mx\/index.php?rest_route=\/wp\/v2\/users\/383"}],"replies":[{"embeddable":true,"href":"https:\/\/ractechnologies.comercialrac.com.mx\/index.php?rest_route=%2Fwp%2Fv2%2Fcomments&post=3538"}],"version-history":[{"count":3,"href":"https:\/\/ractechnologies.comercialrac.com.mx\/index.php?rest_route=\/wp\/v2\/pages\/3538\/revisions"}],"predecessor-version":[{"id":4739,"href":"https:\/\/ractechnologies.comercialrac.com.mx\/index.php?rest_route=\/wp\/v2\/pages\/3538\/revisions\/4739"}],"wp:attachment":[{"href":"https:\/\/ractechnologies.comercialrac.com.mx\/index.php?rest_route=%2Fwp%2Fv2%2Fmedia&parent=3538"}],"curies":[{"name":"wp","href":"https:\/\/api.w.org\/{rel}","templated":true}]}}