{"id":3536,"date":"2013-10-21T18:47:05","date_gmt":"2013-10-21T18:47:05","guid":{"rendered":"http:\/\/localhost\/ComercialRac\/?page_id=217"},"modified":"2014-03-08T03:34:13","modified_gmt":"2014-03-08T03:34:13","slug":"correo-de-voz","status":"publish","type":"page","link":"https:\/\/ractechnologies.comercialrac.com.mx\/?page_id=3536","title":{"rendered":"Correo de Voz"},"content":{"rendered":"<h2><span style=\"color: #660099;\">Sistema de mensajer\u00eda unificada\u00a0<\/span><\/h2>\n<h3>Los innovadores sistemas de procesamiento de voz integrado Panasonic, altamente configurables, presentan una serie de funciones avanzadas que de \u00a0forma conjunta pueden ayudar a mejorar la eficiencia de su negocio mediante la optimizaci\u00f3n de la atenci\u00f3n al cliente, la minimizaci\u00f2n de tiempos de espera y la reducci\u00f3n de llamadas dirigidas a departamentos incorrectos.<\/h3>\n<p>&nbsp;<\/p>\n<table border=\"0\">\n<tbody>\n<tr>\n<td><a href=\"https:\/\/ractechnologies.comercialrac.com.mx\/wp-content\/uploads\/2013\/11\/30.KX-TVM-Cap11.png\"><img decoding=\"async\" loading=\"lazy\" class=\"alignnone  wp-image-511\" alt=\"30.KX-TVM Cap\" src=\"https:\/\/ractechnologies.comercialrac.com.mx\/wp-content\/uploads\/2013\/11\/30.KX-TVM-Cap1.png\" width=\"680\" height=\"230\" \/><\/a><\/td>\n<\/tr>\n<tr>\n<td>\n<address>\u2022 Mensajer\u00eda electr\u00f3nica (notificaci\u00f3n de correo electr\u00f3nico con mensaje de voz adjunto)<\/address>\n<address>\u2022 Variedad de configuraci\u00f3n de servicios<\/address>\n<address>\u2022 Operadora autom\u00e1tica<\/address>\n<address>\u2022 Entrega de mensajes en grupo<\/address>\n<address>\u2022 Mensaje de voz en varios idiomas<\/address>\n<address>\u2022 Integraci\u00f3n con Communication Assistant<\/address>\n<\/td>\n<\/tr>\n<\/tbody>\n<\/table>\n","protected":false},"excerpt":{"rendered":"<p>Sistema de mensajer\u00eda unificada\u00a0 Los innovadores sistemas de procesamiento de voz integrado Panasonic, altamente configurables, presentan una serie de funciones avanzadas que de \u00a0forma conjunta pueden ayudar a mejorar la eficiencia de su negocio mediante la optimizaci\u00f3n de la atenci\u00f3n al cliente, la minimizaci\u00f2n de tiempos de espera y la reducci\u00f3n de llamadas dirigidas a [&hellip;]<\/p>\n","protected":false},"author":383,"featured_media":0,"parent":0,"menu_order":0,"comment_status":"open","ping_status":"open","template":"personalizada-kxtvm.php","meta":[],"aioseo_notices":[],"_links":{"self":[{"href":"https:\/\/ractechnologies.comercialrac.com.mx\/index.php?rest_route=\/wp\/v2\/pages\/3536"}],"collection":[{"href":"https:\/\/ractechnologies.comercialrac.com.mx\/index.php?rest_route=\/wp\/v2\/pages"}],"about":[{"href":"https:\/\/ractechnologies.comercialrac.com.mx\/index.php?rest_route=\/wp\/v2\/types\/page"}],"author":[{"embeddable":true,"href":"https:\/\/ractechnologies.comercialrac.com.mx\/index.php?rest_route=\/wp\/v2\/users\/383"}],"replies":[{"embeddable":true,"href":"https:\/\/ractechnologies.comercialrac.com.mx\/index.php?rest_route=%2Fwp%2Fv2%2Fcomments&post=3536"}],"version-history":[{"count":3,"href":"https:\/\/ractechnologies.comercialrac.com.mx\/index.php?rest_route=\/wp\/v2\/pages\/3536\/revisions"}],"predecessor-version":[{"id":4284,"href":"https:\/\/ractechnologies.comercialrac.com.mx\/index.php?rest_route=\/wp\/v2\/pages\/3536\/revisions\/4284"}],"wp:attachment":[{"href":"https:\/\/ractechnologies.comercialrac.com.mx\/index.php?rest_route=%2Fwp%2Fv2%2Fmedia&parent=3536"}],"curies":[{"name":"wp","href":"https:\/\/api.w.org\/{rel}","templated":true}]}}