{"id":3535,"date":"2013-10-21T18:44:52","date_gmt":"2013-10-21T18:44:52","guid":{"rendered":"http:\/\/localhost\/ComercialRac\/?page_id=215"},"modified":"2014-01-30T05:35:44","modified_gmt":"2014-01-30T05:35:44","slug":"communication-assistant","status":"publish","type":"page","link":"https:\/\/ractechnologies.comercialrac.com.mx\/?page_id=3535","title":{"rendered":"Communication Assistant"},"content":{"rendered":"<h2><span style=\"color: #660099;\">Presencia y colaboraci\u00f3n en linea para mejorar la productividad<\/span><\/h2>\n<h3>La suite de comunicaci\u00f3n unificada \u00abCommunication Assistant\u00bb de Panasonic es un conjunto de aplicaciones altamente intuitivas para PC, que incluye un potente sistema de telefon\u00eda \u00abpoint and click\u00bb presencia y disponibilidad, integraci\u00f3n con Microsoft Outlook\u00ae, mensajer\u00eda de voz \u00a0 y una gran variedad de herramientas de colaboraci\u00f3n en pantalla. para simplificar la comunicaci\u00f3n en tiempo real<\/h3>\n<h3>Dise\u00f1ado para su f\u00e1cil instalaci\u00f3n \u00abCommunicaction Assistant\u00bb puede activarse con servidor o sin servidor, haciendo una soluci\u00f3n ideal para empresas peque\u00f1as y medianas<\/h3>\n<h3>Dependiendo del tipo de usuario y conjunto de caracter\u00edsticas requeridas \u00abCommunicaction Assistant\u00bb puede trabajar de tres modos<\/h3>\n<p>&nbsp;<\/p>\n<table border=\"0\">\n<tbody>\n<tr>\n<td><img decoding=\"async\" loading=\"lazy\" class=\"alignnone\" alt=\"\" src=\"https:\/\/ractechnologies.comercialrac.com.mx\/wp-content\/uploads\/2013\/10\/31.CA-Modalidades-11.png\" width=\"680\" height=\"360\" \/><\/td>\n<\/tr>\n<tr>\n<td>\n<div>\n<address>\u2022\u00a0Point and clic para control de llamada<\/address>\n<address>\u2022\u00a0Herramientas de colaboraci\u00f3n del equipo<\/address>\n<address>\u2022\u00a0B\u00fasqueda por \u00abGrupo\u00bb<\/address>\n<address>\u2022\u00a0Cambio autom\u00e1tico de presencia<\/address>\n<address>\u2022\u00a0Integraci\u00f3n con servidor LDAP<\/address>\n<address>\u2022\u00a0Mensajer\u00eda instant\u00e1nea (Chat)<\/address>\n<address>\u2022\u00a0Mensajes de voz visual con una funci\u00f3n de m\u00f3dulo VMA<\/address>\n<address>\u2022 Integraci\u00f3n con Microsoft Outlook\u00ae<\/address>\n<address>\u2022\u00a0Integraci\u00f3n y control de c\u00e1mara IP<\/address>\n<address>\u2022\u00a0Historial de llamadas<\/address>\n<address>\u2022\u00a0Funciones de Call Center<\/address>\n<address>\u2022\u00a0Supervisor de llamadas de grupo<\/address>\n<address>\u00a0<\/address>\n<\/div>\n<\/td>\n<\/tr>\n<\/tbody>\n<\/table>\n","protected":false},"excerpt":{"rendered":"<p>Presencia y colaboraci\u00f3n en linea para mejorar la productividad La suite de comunicaci\u00f3n unificada \u00abCommunication Assistant\u00bb de Panasonic es un conjunto de aplicaciones altamente intuitivas para PC, que incluye un potente sistema de telefon\u00eda \u00abpoint and click\u00bb presencia y disponibilidad, integraci\u00f3n con Microsoft Outlook\u00ae, mensajer\u00eda de voz \u00a0 y una gran variedad de herramientas de [&hellip;]<\/p>\n","protected":false},"author":383,"featured_media":0,"parent":0,"menu_order":0,"comment_status":"open","ping_status":"open","template":"personalizada-ca.php","meta":[],"aioseo_notices":[],"_links":{"self":[{"href":"https:\/\/ractechnologies.comercialrac.com.mx\/index.php?rest_route=\/wp\/v2\/pages\/3535"}],"collection":[{"href":"https:\/\/ractechnologies.comercialrac.com.mx\/index.php?rest_route=\/wp\/v2\/pages"}],"about":[{"href":"https:\/\/ractechnologies.comercialrac.com.mx\/index.php?rest_route=\/wp\/v2\/types\/page"}],"author":[{"embeddable":true,"href":"https:\/\/ractechnologies.comercialrac.com.mx\/index.php?rest_route=\/wp\/v2\/users\/383"}],"replies":[{"embeddable":true,"href":"https:\/\/ractechnologies.comercialrac.com.mx\/index.php?rest_route=%2Fwp%2Fv2%2Fcomments&post=3535"}],"version-history":[{"count":2,"href":"https:\/\/ractechnologies.comercialrac.com.mx\/index.php?rest_route=\/wp\/v2\/pages\/3535\/revisions"}],"predecessor-version":[{"id":4286,"href":"https:\/\/ractechnologies.comercialrac.com.mx\/index.php?rest_route=\/wp\/v2\/pages\/3535\/revisions\/4286"}],"wp:attachment":[{"href":"https:\/\/ractechnologies.comercialrac.com.mx\/index.php?rest_route=%2Fwp%2Fv2%2Fmedia&parent=3535"}],"curies":[{"name":"wp","href":"https:\/\/api.w.org\/{rel}","templated":true}]}}