{"id":3533,"date":"2013-10-21T18:24:09","date_gmt":"2013-10-21T18:24:09","guid":{"rendered":"http:\/\/localhost\/ComercialRac\/?page_id=207"},"modified":"2014-02-13T19:37:26","modified_gmt":"2014-02-13T19:37:26","slug":"sistema-de-comunicacion-ip-hibrido-kx-tde","status":"publish","type":"page","link":"https:\/\/ractechnologies.comercialrac.com.mx\/?page_id=3533","title":{"rendered":"Sistema de comunicaci\u00f3n IP h\u00edbrido KX-TDE"},"content":{"rendered":"<h2><span style=\"color: #660099;\">Sistemas de Comunicaci\u00f3n Corporativa<\/span><\/h2>\n<h3 style=\"text-align: justify;\">La gama de los sistemas de comunicaci\u00f3n IP h\u00edbridos de la serie KX-TDE de Panasonic combina las ventajas de las comunicaciones tradicionales \u00a0con la convergencia de la tecnolog\u00eda IP, a fin de ofrecer una flexibilidad y funcionalidad con numerosas prestaciones para gestionar todas sus necesidades de comunicaci\u00f3n empresarial.<\/h3>\n<h3 style=\"text-align: justify;\">Los PBX \u00a0IP KX-TDE OneNet son avanzados sistemas de comunicaci\u00f3n corporativos que proporcionan las funciones \u00a0 \u00a0de la \u00a0telefon\u00eda IP tanto a trav\u00e9s de redes locales como a trav\u00e9s de redes IP de banda ancha<\/h3>\n<p>&nbsp;<\/p>\n<table border=\"0\">\n<tbody>\n<tr>\n<td><img decoding=\"async\" loading=\"lazy\" class=\"alignnone\" alt=\"\" src=\"https:\/\/ractechnologies.comercialrac.com.mx\/wp-content\/uploads\/2013\/11\/16.KX-TDE.Cap_1.png\" width=\"680\" height=\"320\" \/><\/td>\n<\/tr>\n<tr>\n<td>\n<address>\u2022 Crecimiento modular a trav\u00e9s de activaci\u00f3n de licencias<\/address>\n<address>\u2022 Comunicaci\u00f3n en red, conectando hasta 8 equipos KX-TDE600 funcionando como una sola plataforma<\/address>\n<address>\u2022 La plataforma KX-TDE600, puede alcanzar alrededor de 10 mil extensiones<\/address>\n<address>\u2022 Integraci\u00f3n de soluciones m\u00f3viles<\/address>\n<address>\u2022 Incorpora correo de voz simplificado de 2 canales y herramienta de comunicaci\u00f3n unificada<\/address>\n<address>\u2022 Funciones integradas para centros de contacto y servicios de hospitalidad<\/address>\n<address>\u2022 Administraci\u00f3n remota para cualquier escenario de implementaci\u00f3n, ya sea un solo sitio o en red<\/address>\n<\/td>\n<\/tr>\n<\/tbody>\n<\/table>\n","protected":false},"excerpt":{"rendered":"<p>Sistemas de Comunicaci\u00f3n Corporativa La gama de los sistemas de comunicaci\u00f3n IP h\u00edbridos de la serie KX-TDE de Panasonic combina las ventajas de las comunicaciones tradicionales \u00a0con la convergencia de la tecnolog\u00eda IP, a fin de ofrecer una flexibilidad y funcionalidad con numerosas prestaciones para gestionar todas sus necesidades de comunicaci\u00f3n empresarial. Los PBX \u00a0IP [&hellip;]<\/p>\n","protected":false},"author":383,"featured_media":0,"parent":0,"menu_order":0,"comment_status":"open","ping_status":"open","template":"personalizada-kxtde.php","meta":[],"aioseo_notices":[],"_links":{"self":[{"href":"https:\/\/ractechnologies.comercialrac.com.mx\/index.php?rest_route=\/wp\/v2\/pages\/3533"}],"collection":[{"href":"https:\/\/ractechnologies.comercialrac.com.mx\/index.php?rest_route=\/wp\/v2\/pages"}],"about":[{"href":"https:\/\/ractechnologies.comercialrac.com.mx\/index.php?rest_route=\/wp\/v2\/types\/page"}],"author":[{"embeddable":true,"href":"https:\/\/ractechnologies.comercialrac.com.mx\/index.php?rest_route=\/wp\/v2\/users\/383"}],"replies":[{"embeddable":true,"href":"https:\/\/ractechnologies.comercialrac.com.mx\/index.php?rest_route=%2Fwp%2Fv2%2Fcomments&post=3533"}],"version-history":[{"count":4,"href":"https:\/\/ractechnologies.comercialrac.com.mx\/index.php?rest_route=\/wp\/v2\/pages\/3533\/revisions"}],"predecessor-version":[{"id":4279,"href":"https:\/\/ractechnologies.comercialrac.com.mx\/index.php?rest_route=\/wp\/v2\/pages\/3533\/revisions\/4279"}],"wp:attachment":[{"href":"https:\/\/ractechnologies.comercialrac.com.mx\/index.php?rest_route=%2Fwp%2Fv2%2Fmedia&parent=3533"}],"curies":[{"name":"wp","href":"https:\/\/api.w.org\/{rel}","templated":true}]}}