{"id":3531,"date":"2013-10-21T18:17:57","date_gmt":"2013-10-21T18:17:57","guid":{"rendered":"http:\/\/localhost\/ComercialRac\/?page_id=203"},"modified":"2014-05-26T16:08:58","modified_gmt":"2014-05-26T16:08:58","slug":"servidor-de-comunicaciones-kx-ns1000","status":"publish","type":"page","link":"https:\/\/ractechnologies.comercialrac.com.mx\/?page_id=3531","title":{"rendered":"KX-NS1000"},"content":{"rendered":"<h2><img decoding=\"async\" loading=\"lazy\" class=\"alignnone\" alt=\"\" src=\"https:\/\/ractechnologies.comercialrac.com.mx\/wp-content\/uploads\/2013\/11\/KX-NS1000Encabezado1.png\" width=\"944\" height=\"200\" \/><\/h2>\n<h2><span style=\"color: #660099;\">Descubra un mundo de ventajas en una soluci\u00f3n de comunicaciones empresariales<\/span><\/h2>\n<h3 style=\"text-align: justify;\">Basado en los protocolos IP y SIP, el servidor KX-NS1000 ofrece un alto nivel de flexibilidad y puede integrarse en su infraestructura actual. Gracias a su arquitectura modular, puede adaptarse para responder a sus necesidades, desde una peque\u00f1a oficina a hasta grandes corporativos.<\/h3>\n<h3 style=\"text-align: justify;\">El servidor \u00a0admite una combinaci\u00f3n de tecnolog\u00eda TDM e IP, as\u00ed como sistemas basados \u00fanicamente en tecnolog\u00eda IP, integrando a la perfecci\u00f3n equipos smartphone y tablet, para que disfrute de todas las ventajas que ofrece trabajar con su propio dispositivo.<\/h3>\n<h3 style=\"text-align: justify;\">Los usuarios que cuenten con un PBX de Panasonic pueden migrar f\u00e1cilmente a un sistema IP mediante la conexi\u00f3n de un servidor KX-NS1000, teniendo la posibilidad de ampliar su estructura de comunicaciones \u00a0de forma parcial \u00a0en funci\u00f3n del presupuesto disponible.<\/h3>\n<h3 style=\"text-align: justify;\">El servidor KX-NS1000 ofrece un entorno de colaboraci\u00f3n y comunicaci\u00f3n unificada, que incluye herramientas de escritorio, correo de voz y sistema interactivo de respuesta de voz (IVR). Caracter\u00edsticas de red totalmente transparentes, voz de primera clase con audio de alta definici\u00f3n en banda ancha \u00a0y opciones r\u00e1pidas de ampliaci\u00f3n convierten al servidor KX-NS1000 en la soluci\u00f3n de Panasonic m\u00e1s completa hasta la fecha.<\/h3>\n<p>&nbsp;<\/p>\n<table border=\"0\">\n<tbody>\n<tr>\n<td><img decoding=\"async\" loading=\"lazy\" class=\"size-full wp-image-499 alignnone\" alt=\"14.KX-NS1000 Cap\" src=\"https:\/\/ractechnologies.comercialrac.com.mx\/wp-content\/uploads\/2013\/11\/14.KX-NS1000-Cap.fw_1.png\" width=\"755\" height=\"255\" \/><\/td>\n<\/tr>\n<tr>\n<td>\n<address>\u2022 Servidor de comunicaciones en red IP y SIP<\/address>\n<address>\u2022 Mensajer\u00eda unificada integrada con capacidad hasta de 24 puertos por unidad<\/address>\n<address>\u2022 Sistema hasta para 16 mil usuarios<\/address>\n<address>\u2022 Sistema de protecci\u00f3n contra fallos del sistema<\/address>\n<address>\u2022 Facilidad de instalaci\u00f3n<\/address>\n<address>\u2022 Soluci\u00f3n de Call Center con gu\u00eda de voz para los clientes<\/address>\n<address>\u2022 Aplicaciones de alto rendimiento<\/address>\n<address>\u2022 Gama variada de terminales<\/address>\n<\/td>\n<\/tr>\n<\/tbody>\n<\/table>\n","protected":false},"excerpt":{"rendered":"<p>Descubra un mundo de ventajas en una soluci\u00f3n de comunicaciones empresariales Basado en los protocolos IP y SIP, el servidor KX-NS1000 ofrece un alto nivel de flexibilidad y puede integrarse en su infraestructura actual. Gracias a su arquitectura modular, puede adaptarse para responder a sus necesidades, desde una peque\u00f1a oficina a hasta grandes corporativos. El [&hellip;]<\/p>\n","protected":false},"author":383,"featured_media":0,"parent":0,"menu_order":0,"comment_status":"closed","ping_status":"closed","template":"fullwidthpage.php","meta":[],"aioseo_notices":[],"_links":{"self":[{"href":"https:\/\/ractechnologies.comercialrac.com.mx\/index.php?rest_route=\/wp\/v2\/pages\/3531"}],"collection":[{"href":"https:\/\/ractechnologies.comercialrac.com.mx\/index.php?rest_route=\/wp\/v2\/pages"}],"about":[{"href":"https:\/\/ractechnologies.comercialrac.com.mx\/index.php?rest_route=\/wp\/v2\/types\/page"}],"author":[{"embeddable":true,"href":"https:\/\/ractechnologies.comercialrac.com.mx\/index.php?rest_route=\/wp\/v2\/users\/383"}],"replies":[{"embeddable":true,"href":"https:\/\/ractechnologies.comercialrac.com.mx\/index.php?rest_route=%2Fwp%2Fv2%2Fcomments&post=3531"}],"version-history":[{"count":4,"href":"https:\/\/ractechnologies.comercialrac.com.mx\/index.php?rest_route=\/wp\/v2\/pages\/3531\/revisions"}],"predecessor-version":[{"id":4352,"href":"https:\/\/ractechnologies.comercialrac.com.mx\/index.php?rest_route=\/wp\/v2\/pages\/3531\/revisions\/4352"}],"wp:attachment":[{"href":"https:\/\/ractechnologies.comercialrac.com.mx\/index.php?rest_route=%2Fwp%2Fv2%2Fmedia&parent=3531"}],"curies":[{"name":"wp","href":"https:\/\/api.w.org\/{rel}","templated":true}]}}