{"id":3530,"date":"2013-10-21T16:15:57","date_gmt":"2013-10-21T16:15:57","guid":{"rendered":"http:\/\/localhost\/ComercialRac\/?page_id=178"},"modified":"2016-02-17T18:43:10","modified_gmt":"2016-02-17T18:43:10","slug":"telefonia","status":"publish","type":"page","link":"https:\/\/ractechnologies.comercialrac.com.mx\/?page_id=3530","title":{"rendered":"Telefon\u00eda"},"content":{"rendered":"<h2><span style=\"color: #660099;\">Panasonic l\u00edder mundial en venta de tel\u00e9fonos de consumo\u00a0<\/span><\/h2>\n<table border=\"0\">\n<tbody>\n<tr>\n<td colspan=\"2\">\n<h3 style=\"text-align: justify;\"><img decoding=\"async\" loading=\"lazy\" class=\"  wp-image-553 aligncenter\" src=\"https:\/\/ractechnologies.comercialrac.com.mx\/wp-content\/uploads\/2013\/11\/Global-Brand11.png\" alt=\"Global Brand\" width=\"167\" height=\"126\" \/><\/h3>\n<\/td>\n<\/tr>\n<tr>\n<td colspan=\"2\">\n<h3 style=\"text-align: justify;\">Panasonic a lo largo de mas de 10 a\u00f1os a refrendado su liderazgo en ventas de telefon\u00eda de consumo. con una amplia gama de tel\u00e9fonos DECT. Panasonic cubre todas sus necesidades de comunicaci\u00f3n. Podr\u00e1 elegir entre diferentes dispositivos inal\u00e1mbricos y de mesa con diferentes caracter\u00edsticas respaldados por una excelente calidad de voz, as\u00ed como un dise\u00f1o extraordinario y una ergonom\u00eda superior.<\/h3>\n<\/td>\n<\/tr>\n<\/tbody>\n<\/table>\n<p>&nbsp;<\/p>\n<table border=\"0\">\n<tbody>\n<tr>\n<td colspan=\"2\">\n<h3>Tel\u00e9fonos Inal\u00e1mbricos<\/h3>\n<p>&nbsp;<\/td>\n<\/tr>\n<tr>\n<td><a href=\"https:\/\/ractechnologies.comercialrac.com.mx\/wp-content\/uploads\/2013\/11\/34.KX-TG93221.png\"><img decoding=\"async\" loading=\"lazy\" class=\"alignnone  wp-image-557\" src=\"https:\/\/ractechnologies.comercialrac.com.mx\/wp-content\/uploads\/2013\/11\/34.KX-TG93221.png\" alt=\"34.KX-TG9322\" width=\"330\" height=\"145\" \/><\/a><\/td>\n<td><a href=\"https:\/\/ractechnologies.comercialrac.com.mx\/wp-content\/uploads\/2013\/11\/35.KX-TG41311.png\"><img decoding=\"async\" loading=\"lazy\" class=\"alignnone  wp-image-558\" src=\"https:\/\/ractechnologies.comercialrac.com.mx\/wp-content\/uploads\/2013\/11\/35.KX-TG41311.png\" alt=\"35.KX-TG4131\" width=\"330\" height=\"145\" \/><\/a><\/td>\n<\/tr>\n<tr>\n<td><a href=\"https:\/\/ractechnologies.comercialrac.com.mx\/wp-content\/uploads\/2013\/11\/36.KX-TG41321.png\"><img decoding=\"async\" loading=\"lazy\" class=\"alignnone  wp-image-559\" src=\"https:\/\/ractechnologies.comercialrac.com.mx\/wp-content\/uploads\/2013\/11\/36.KX-TG41321.png\" alt=\"36.KX-TG4132\" width=\"330\" height=\"145\" \/><\/a><\/td>\n<td><a href=\"https:\/\/ractechnologies.comercialrac.com.mx\/wp-content\/uploads\/2013\/11\/37.KX-TG66411.png\"><img decoding=\"async\" loading=\"lazy\" class=\"alignnone  wp-image-560\" src=\"https:\/\/ractechnologies.comercialrac.com.mx\/wp-content\/uploads\/2013\/11\/37.KX-TG66411.png\" alt=\"37.KX-TG6641\" width=\"330\" height=\"145\" \/><\/a><\/td>\n<\/tr>\n<tr>\n<td><a href=\"https:\/\/ractechnologies.comercialrac.com.mx\/wp-content\/uploads\/2013\/11\/38.KX-TG17111.png\"><img decoding=\"async\" loading=\"lazy\" class=\"alignnone  wp-image-561\" src=\"https:\/\/ractechnologies.comercialrac.com.mx\/wp-content\/uploads\/2013\/11\/38.KX-TG17111.png\" alt=\"38.KX-TG1711\" width=\"330\" height=\"145\" srcset=\"https:\/\/ractechnologies.comercialrac.com.mx\/wp-content\/uploads\/2013\/11\/38.KX-TG17111.png 550w, https:\/\/ractechnologies.comercialrac.com.mx\/wp-content\/uploads\/2013\/11\/38.KX-TG17111-250x109.png 250w, https:\/\/ractechnologies.comercialrac.com.mx\/wp-content\/uploads\/2013\/11\/38.KX-TG17111-125x54.png 125w\" sizes=\"(max-width: 330px) 100vw, 330px\" \/><\/a><\/td>\n<td><a href=\"https:\/\/ractechnologies.comercialrac.com.mx\/wp-content\/uploads\/2013\/11\/39.KX-TG17121.png\"><img decoding=\"async\" loading=\"lazy\" class=\"alignnone  wp-image-562\" src=\"https:\/\/ractechnologies.comercialrac.com.mx\/wp-content\/uploads\/2013\/11\/39.KX-TG17121.png\" alt=\"39.KX-TG1712\" width=\"330\" height=\"145\" \/><\/a><\/td>\n<\/tr>\n<tr>\n<td><a href=\"https:\/\/ractechnologies.comercialrac.com.mx\/wp-content\/uploads\/2013\/11\/40.KX-TG41111.png\"><img decoding=\"async\" loading=\"lazy\" class=\"alignnone  wp-image-563\" src=\"https:\/\/ractechnologies.comercialrac.com.mx\/wp-content\/uploads\/2013\/11\/40.KX-TG41111.png\" alt=\"40.KX-TG4111\" width=\"330\" height=\"145\" \/><\/a><\/td>\n<td><a href=\"https:\/\/ractechnologies.comercialrac.com.mx\/wp-content\/uploads\/2013\/11\/41.KX-TG41121.png\"><img decoding=\"async\" loading=\"lazy\" class=\"alignnone  wp-image-564\" src=\"https:\/\/ractechnologies.comercialrac.com.mx\/wp-content\/uploads\/2013\/11\/41.KX-TG41121.png\" alt=\"41.KX-TG4112\" width=\"330\" height=\"145\" \/><\/a><\/td>\n<\/tr>\n<tr>\n<td><a href=\"https:\/\/ractechnologies.comercialrac.com.mx\/wp-content\/uploads\/2013\/11\/42.KX-TG40111.png\"><img decoding=\"async\" loading=\"lazy\" class=\"alignnone  wp-image-565\" src=\"https:\/\/ractechnologies.comercialrac.com.mx\/wp-content\/uploads\/2013\/11\/42.KX-TG40111.png\" alt=\"42.KX-TG4011\" width=\"330\" height=\"145\" \/><\/a><\/td>\n<td><a href=\"https:\/\/ractechnologies.comercialrac.com.mx\/wp-content\/uploads\/2013\/11\/43.KX-TG40231.png\"><img decoding=\"async\" loading=\"lazy\" class=\"alignnone  wp-image-566\" src=\"https:\/\/ractechnologies.comercialrac.com.mx\/wp-content\/uploads\/2013\/11\/43.KX-TG40231.png\" alt=\"43.KX-TG4023\" width=\"330\" height=\"145\" \/><\/a><\/td>\n<\/tr>\n<tr>\n<td>\n<h3>Tel\u00e9fonos de Mesa<\/h3>\n<p>&nbsp;<\/td>\n<td><\/td>\n<\/tr>\n<tr>\n<td><a href=\"https:\/\/ractechnologies.comercialrac.com.mx\/wp-content\/uploads\/2013\/11\/45.KX-TS5001.png\"><img decoding=\"async\" loading=\"lazy\" class=\"alignnone  wp-image-568\" src=\"https:\/\/ractechnologies.comercialrac.com.mx\/wp-content\/uploads\/2013\/11\/45.KX-TS5001.png\" alt=\"45.KX-TS500\" width=\"330\" height=\"145\" \/><\/a><\/td>\n<td><a href=\"https:\/\/ractechnologies.comercialrac.com.mx\/wp-content\/uploads\/2013\/11\/46.KX-TS5501.png\"><img decoding=\"async\" loading=\"lazy\" class=\"alignnone  wp-image-569\" src=\"https:\/\/ractechnologies.comercialrac.com.mx\/wp-content\/uploads\/2013\/11\/46.KX-TS5501.png\" alt=\"46.KX-TS550\" width=\"330\" height=\"145\" \/><\/a><\/td>\n<\/tr>\n<\/tbody>\n<\/table>\n<p><span style=\"font-size: medium;\"><span style=\"line-height: normal;\">\u00a0<\/span><\/span><\/p>\n","protected":false},"excerpt":{"rendered":"<p>Panasonic l\u00edder mundial en venta de tel\u00e9fonos de consumo\u00a0 Panasonic a lo largo de mas de 10 a\u00f1os a refrendado su liderazgo en ventas de telefon\u00eda de consumo. con una amplia gama de tel\u00e9fonos DECT. Panasonic cubre todas sus necesidades de comunicaci\u00f3n. Podr\u00e1 elegir entre diferentes dispositivos inal\u00e1mbricos y de mesa con diferentes caracter\u00edsticas respaldados [&hellip;]<\/p>\n","protected":false},"author":383,"featured_media":0,"parent":0,"menu_order":0,"comment_status":"open","ping_status":"open","template":"personalizada-telefonia.php","meta":[],"aioseo_notices":[],"_links":{"self":[{"href":"https:\/\/ractechnologies.comercialrac.com.mx\/index.php?rest_route=\/wp\/v2\/pages\/3530"}],"collection":[{"href":"https:\/\/ractechnologies.comercialrac.com.mx\/index.php?rest_route=\/wp\/v2\/pages"}],"about":[{"href":"https:\/\/ractechnologies.comercialrac.com.mx\/index.php?rest_route=\/wp\/v2\/types\/page"}],"author":[{"embeddable":true,"href":"https:\/\/ractechnologies.comercialrac.com.mx\/index.php?rest_route=\/wp\/v2\/users\/383"}],"replies":[{"embeddable":true,"href":"https:\/\/ractechnologies.comercialrac.com.mx\/index.php?rest_route=%2Fwp%2Fv2%2Fcomments&post=3530"}],"version-history":[{"count":14,"href":"https:\/\/ractechnologies.comercialrac.com.mx\/index.php?rest_route=\/wp\/v2\/pages\/3530\/revisions"}],"predecessor-version":[{"id":4713,"href":"https:\/\/ractechnologies.comercialrac.com.mx\/index.php?rest_route=\/wp\/v2\/pages\/3530\/revisions\/4713"}],"wp:attachment":[{"href":"https:\/\/ractechnologies.comercialrac.com.mx\/index.php?rest_route=%2Fwp%2Fv2%2Fmedia&parent=3530"}],"curies":[{"name":"wp","href":"https:\/\/api.w.org\/{rel}","templated":true}]}}