{"id":3529,"date":"2013-10-21T16:15:08","date_gmt":"2013-10-21T16:15:08","guid":{"rendered":"http:\/\/localhost\/ComercialRac\/?page_id=176"},"modified":"2014-01-30T05:40:07","modified_gmt":"2014-01-30T05:40:07","slug":"videoconferencia","status":"publish","type":"page","link":"https:\/\/ractechnologies.comercialrac.com.mx\/?page_id=3529","title":{"rendered":"Videoconferencia"},"content":{"rendered":"<h2><span style=\"color: #660099;\">Sistemas de comunicaci\u00f3n visual de alta definici\u00f3n\u00a0<\/span><\/h2>\n<h3>Los sistemas \u00a0de comunicaciones visuales de alta definici\u00f3n de Panasonic permite establecer una comunicaci\u00f3n instant\u00e1nea con personas y trabajar con ellas \u00a0desde cualquier lugar. El sistema HDVC de Panasonic permite a las empresas reducir los gastos en viajes y mejorar la productividad gracias a las ventajas del v\u00eddeo Full HD 1080i y el audio de 360\u00b0 en una conexi\u00f3n de banda ancha est\u00e1ndar.<\/h3>\n<p>&nbsp;<\/p>\n<table border=\"0\">\n<tbody>\n<tr>\n<td><a href=\"https:\/\/ractechnologies.comercialrac.com.mx\/wp-content\/uploads\/2013\/11\/33.KXVC600-30011.png\"><img decoding=\"async\" loading=\"lazy\" class=\"alignnone  wp-image-539\" alt=\"33.KXVC600-300\" src=\"https:\/\/ractechnologies.comercialrac.com.mx\/wp-content\/uploads\/2013\/11\/33.KXVC600-3001.png\" width=\"680\" height=\"230\" \/><\/a><\/td>\n<\/tr>\n<tr>\n<td>\n<h3>El sistema de comunicaciones visuales de alta definici\u00f3n incluye:<\/h3>\n<address>\u2022\u00a0Audio full d\u00faplex de 360 grados: evita que el interlocutor deba inclinarse sobre el micr\u00f3fono al hablar. El altavoz circular permite escuchar con nitidez a los participantes desde cualquier punto de la sala.<\/address>\n<address>\u2022\u00a0V\u00eddeo full HD en tiempo real: con una resoluci\u00f3n de 1080i para ofrecer una imagen n\u00edtida y precisa hasta en el m\u00e1s m\u00ednimo detalle.<\/address>\n<address>\u2022\u00a0Posibilidad de una segunda c\u00e1mara desplazable: el sistema HDVC de Panasonic ofrece nuevos niveles de colaboraci\u00f3n en tiempo real con una c\u00e1mara HD port\u00e1til que puede moverse por la sala<\/address>\n<address>\u2022\u00a0Funcionamiento sencillo: marcaci\u00f3n r\u00e1pida y conexi\u00f3n inmediata para invertir m\u00e1s tiempo en los debates, no en la configuraci\u00f3n.<\/address>\n<\/td>\n<\/tr>\n<\/tbody>\n<\/table>\n<p>&nbsp;<\/p>\n<p>&nbsp;<\/p>\n<p>&nbsp;<\/p>\n","protected":false},"excerpt":{"rendered":"<p>Sistemas de comunicaci\u00f3n visual de alta definici\u00f3n\u00a0 Los sistemas \u00a0de comunicaciones visuales de alta definici\u00f3n de Panasonic permite establecer una comunicaci\u00f3n instant\u00e1nea con personas y trabajar con ellas \u00a0desde cualquier lugar. El sistema HDVC de Panasonic permite a las empresas reducir los gastos en viajes y mejorar la productividad gracias a las ventajas del v\u00eddeo [&hellip;]<\/p>\n","protected":false},"author":383,"featured_media":0,"parent":0,"menu_order":0,"comment_status":"open","ping_status":"open","template":"personalizada-hdvc.php","meta":[],"aioseo_notices":[],"_links":{"self":[{"href":"https:\/\/ractechnologies.comercialrac.com.mx\/index.php?rest_route=\/wp\/v2\/pages\/3529"}],"collection":[{"href":"https:\/\/ractechnologies.comercialrac.com.mx\/index.php?rest_route=\/wp\/v2\/pages"}],"about":[{"href":"https:\/\/ractechnologies.comercialrac.com.mx\/index.php?rest_route=\/wp\/v2\/types\/page"}],"author":[{"embeddable":true,"href":"https:\/\/ractechnologies.comercialrac.com.mx\/index.php?rest_route=\/wp\/v2\/users\/383"}],"replies":[{"embeddable":true,"href":"https:\/\/ractechnologies.comercialrac.com.mx\/index.php?rest_route=%2Fwp%2Fv2%2Fcomments&post=3529"}],"version-history":[{"count":1,"href":"https:\/\/ractechnologies.comercialrac.com.mx\/index.php?rest_route=\/wp\/v2\/pages\/3529\/revisions"}],"predecessor-version":[{"id":3847,"href":"https:\/\/ractechnologies.comercialrac.com.mx\/index.php?rest_route=\/wp\/v2\/pages\/3529\/revisions\/3847"}],"wp:attachment":[{"href":"https:\/\/ractechnologies.comercialrac.com.mx\/index.php?rest_route=%2Fwp%2Fv2%2Fmedia&parent=3529"}],"curies":[{"name":"wp","href":"https:\/\/api.w.org\/{rel}","templated":true}]}}