{"id":3528,"date":"2013-10-21T16:11:56","date_gmt":"2013-10-21T16:11:56","guid":{"rendered":"http:\/\/localhost\/ComercialRac\/?page_id=174"},"modified":"2021-05-23T15:25:43","modified_gmt":"2021-05-23T15:25:43","slug":"telefonos-sip","status":"publish","type":"page","link":"https:\/\/ractechnologies.comercialrac.com.mx\/?page_id=3528","title":{"rendered":"Telefonos SIP"},"content":{"rendered":"<h1><span style=\"color: #663399;\">Mejorando el alcance de sus comunicaciones de voz IP<\/span><\/h1>\n<h3 style=\"text-align: justify;\">Los telefonos SIP de Panasonic han sido dise\u00f1ados para mejorar sus comunicaciones empresariales gracias a la reducci\u00f3n de costos de llamadas, la simplificaci\u00f3n de la administraci\u00f3n y la optimizaci\u00f3n de su funcionalidad<\/h3>\n<h2>Caracter\u00edsticas generales de los tel\u00e9fonos SIP serie KX-UT<\/h2>\n<h3 style=\"text-align: justify;\">\u2022\u00a0Mejora la calidad de la comunicaci\u00f3n: Soporta codec de audio G.722, G.711. G.729a, \u00a0le permite escuchar claramente la voz de los dem\u00e1s facilitando la comunicaci\u00f3n<\/h3>\n<h3 style=\"text-align: justify;\">\u2022\u00a0F\u00e1cil Configuraci\u00f3n: Aprovisionamiento proporciona un sistema para especificar los ajustes iniciales antes de usar el tel\u00e9fono sin problema alguno, lo que permite que los tel\u00e9fonos se configuren desde cualquier sitio sin est\u00e1r en el lugar del cliente.<\/h3>\n<h3 style=\"text-align: justify;\">\u2022\u00a0Combina con una amplia gama de dispositivos: Cuenta con la certificaci\u00f3n de softswitch l\u00edderes en el mercado como son Broaddoft Broadworks, y Digum Asterisk lo cual garantiza una amplia compatibilidad con una amplia gama de dispositivos.<\/h3>\n<h3 style=\"text-align: justify;\">\u2022\u00a0Bajo consumo de energia: La serie de telefonos KX-UT, \u00a0ahorra energia durante el modo de espera, incluso durante una llamada, al utilizar el modo ECO, el consumo de energ\u00eda puede reducirse aun mas.<\/h3>\n<table border=\"0\">\n<tbody>\n<tr>\n<td><img decoding=\"async\" loading=\"lazy\" class=\"alignnone wp-image-764\" src=\"https:\/\/ractechnologies.comercialrac.com.mx\/wp-content\/uploads\/2013\/12\/48.KX-UT6701.png\" alt=\"48.KX-UT670\" width=\"755\" height=\"255\" \/><\/td>\n<\/tr>\n<tr>\n<td><img decoding=\"async\" loading=\"lazy\" class=\"alignnone size-full wp-image-765\" src=\"https:\/\/ractechnologies.comercialrac.com.mx\/wp-content\/uploads\/2013\/12\/49.KX-UT2481.png\" alt=\"49.KX-UT248\" width=\"755\" height=\"255\" \/><\/td>\n<\/tr>\n<\/tbody>\n<\/table>\n<table border=\"0\">\n<tbody>\n<tr>\n<td><a href=\"https:\/\/ractechnologies.comercialrac.com.mx\/wp-content\/uploads\/2013\/12\/50.KX-UT1361.png\"><img decoding=\"async\" loading=\"lazy\" class=\"alignnone  wp-image-702\" src=\"https:\/\/ractechnologies.comercialrac.com.mx\/wp-content\/uploads\/2013\/12\/50.KX-UT1361.png\" alt=\"50.KX-UT136\" width=\"363\" height=\"160\" \/><\/a><\/td>\n<td><a href=\"https:\/\/ractechnologies.comercialrac.com.mx\/wp-content\/uploads\/2013\/12\/51.KX-UT1331.png\"><img decoding=\"async\" loading=\"lazy\" class=\"alignnone  wp-image-703\" src=\"https:\/\/ractechnologies.comercialrac.com.mx\/wp-content\/uploads\/2013\/12\/51.KX-UT1331.png\" alt=\"51.KX-UT133\" width=\"363\" height=\"160\" \/><\/a><\/td>\n<\/tr>\n<tr>\n<td><a href=\"https:\/\/ractechnologies.comercialrac.com.mx\/wp-content\/uploads\/2013\/12\/52.KX-UT1231.png\"><img decoding=\"async\" loading=\"lazy\" class=\"alignnone  wp-image-704\" src=\"https:\/\/ractechnologies.comercialrac.com.mx\/wp-content\/uploads\/2013\/12\/52.KX-UT1231.png\" alt=\"52.KX-UT123\" width=\"363\" height=\"160\" srcset=\"https:\/\/ractechnologies.comercialrac.com.mx\/wp-content\/uploads\/2013\/12\/52.KX-UT1231.png 550w, https:\/\/ractechnologies.comercialrac.com.mx\/wp-content\/uploads\/2013\/12\/52.KX-UT1231-250x109.png 250w, https:\/\/ractechnologies.comercialrac.com.mx\/wp-content\/uploads\/2013\/12\/52.KX-UT1231-125x54.png 125w\" sizes=\"(max-width: 363px) 100vw, 363px\" \/><\/a><\/td>\n<td><a href=\"https:\/\/ractechnologies.comercialrac.com.mx\/wp-content\/uploads\/2013\/12\/53.KX-UT1131.png\"><img decoding=\"async\" loading=\"lazy\" class=\"alignnone  wp-image-705\" src=\"https:\/\/ractechnologies.comercialrac.com.mx\/wp-content\/uploads\/2013\/12\/53.KX-UT1131.png\" alt=\"53.KX-UT113\" width=\"363\" height=\"160\" srcset=\"https:\/\/ractechnologies.comercialrac.com.mx\/wp-content\/uploads\/2013\/12\/53.KX-UT1131.png 550w, https:\/\/ractechnologies.comercialrac.com.mx\/wp-content\/uploads\/2013\/12\/53.KX-UT1131-250x109.png 250w, https:\/\/ractechnologies.comercialrac.com.mx\/wp-content\/uploads\/2013\/12\/53.KX-UT1131-125x54.png 125w\" sizes=\"(max-width: 363px) 100vw, 363px\" \/><\/a><\/td>\n<\/tr>\n<\/tbody>\n<\/table>\n","protected":false},"excerpt":{"rendered":"<p>Mejorando el alcance de sus comunicaciones de voz IP Los telefonos SIP de Panasonic han sido dise\u00f1ados para mejorar sus comunicaciones empresariales gracias a la reducci\u00f3n de costos de llamadas, la simplificaci\u00f3n de la administraci\u00f3n y la optimizaci\u00f3n de su funcionalidad Caracter\u00edsticas generales de los tel\u00e9fonos SIP serie KX-UT \u2022\u00a0Mejora la calidad de la comunicaci\u00f3n: [&hellip;]<\/p>\n","protected":false},"author":383,"featured_media":0,"parent":0,"menu_order":0,"comment_status":"open","ping_status":"open","template":"personalizada-sip.php","meta":[],"aioseo_notices":[],"_links":{"self":[{"href":"https:\/\/ractechnologies.comercialrac.com.mx\/index.php?rest_route=\/wp\/v2\/pages\/3528"}],"collection":[{"href":"https:\/\/ractechnologies.comercialrac.com.mx\/index.php?rest_route=\/wp\/v2\/pages"}],"about":[{"href":"https:\/\/ractechnologies.comercialrac.com.mx\/index.php?rest_route=\/wp\/v2\/types\/page"}],"author":[{"embeddable":true,"href":"https:\/\/ractechnologies.comercialrac.com.mx\/index.php?rest_route=\/wp\/v2\/users\/383"}],"replies":[{"embeddable":true,"href":"https:\/\/ractechnologies.comercialrac.com.mx\/index.php?rest_route=%2Fwp%2Fv2%2Fcomments&post=3528"}],"version-history":[{"count":3,"href":"https:\/\/ractechnologies.comercialrac.com.mx\/index.php?rest_route=\/wp\/v2\/pages\/3528\/revisions"}],"predecessor-version":[{"id":5118,"href":"https:\/\/ractechnologies.comercialrac.com.mx\/index.php?rest_route=\/wp\/v2\/pages\/3528\/revisions\/5118"}],"wp:attachment":[{"href":"https:\/\/ractechnologies.comercialrac.com.mx\/index.php?rest_route=%2Fwp%2Fv2%2Fmedia&parent=3528"}],"curies":[{"name":"wp","href":"https:\/\/api.w.org\/{rel}","templated":true}]}}