{"id":3527,"date":"2013-10-21T16:10:57","date_gmt":"2013-10-21T16:10:57","guid":{"rendered":"http:\/\/localhost\/ComercialRac\/?page_id=172"},"modified":"2021-05-23T15:25:17","modified_gmt":"2021-05-23T15:25:17","slug":"servidores-de-comunicacion","status":"publish","type":"page","link":"https:\/\/ractechnologies.comercialrac.com.mx\/?page_id=3527","title":{"rendered":"Servidores de Comunicaci\u00f3n"},"content":{"rendered":"<h2 style=\"text-align: justify;\"><span style=\"color: #660099;\">Servidores de comunicaci\u00f3n empresarial IP<\/span><\/h2>\n<h2 style=\"text-align: justify;\">Las soluciones de comunicaci\u00f3n \u00a0empresarial \u00a0basadas en la tecnolog\u00eda SIP (protocolo de inicio de sesi\u00f3n) se han vuelto cada vez \u00a0 m\u00e1s populares, ya que ofrecen una serie de ventajas con respecto a los sistemas telef\u00f3nicos tradicionales como lo es la reducci\u00f3n de costos, la simplificaci\u00f3n en la administraci\u00f3n de los sistemas de comunicaci\u00f3n, y la mejora de la funcionalidad.<\/h2>\n<h2 style=\"text-align: justify;\">Panasonic ofrece servidores de comunicaci\u00f3n, \u00a0 as\u00ed como una \u00a0gama soluciones para satisfacer una gran \u00a0variedad de requisitos de clientes, incluyendo una \u00a0completa l\u00ednea de terminales SIP y dispositivos para conferencias SIP<\/h2>\n<table border=\"0\">\n<tbody>\n<tr>\n<td><a href=\"https:\/\/ractechnologies.comercialrac.com.mx\/?page_id=3531\"><img decoding=\"async\" loading=\"lazy\" class=\"alignnone wp-image-485 size-full\" src=\"https:\/\/ractechnologies.comercialrac.com.mx\/wp-content\/uploads\/2013\/11\/06.Servidor-de-Comunicaciones-KX-NS10001.png\" alt=\"06.Servidor de Comunicaciones KX-NS1000\" width=\"480\" height=\"167\" \/><\/a><\/td>\n<td><\/td>\n<td><a href=\"https:\/\/ractechnologies.comercialrac.com.mx\/?page_id=3528\"><img decoding=\"async\" loading=\"lazy\" class=\"alignnone wp-image-486 size-full\" src=\"https:\/\/ractechnologies.comercialrac.com.mx\/wp-content\/uploads\/2013\/11\/07.Telefonos-SIP-1.png\" alt=\"07.Telefonos SIP\" width=\"480\" height=\"167\" \/><\/a><\/td>\n<\/tr>\n<\/tbody>\n<\/table>\n","protected":false},"excerpt":{"rendered":"<p>Servidores de comunicaci\u00f3n empresarial IP Las soluciones de comunicaci\u00f3n \u00a0empresarial \u00a0basadas en la tecnolog\u00eda SIP (protocolo de inicio de sesi\u00f3n) se han vuelto cada vez \u00a0 m\u00e1s populares, ya que ofrecen una serie de ventajas con respecto a los sistemas telef\u00f3nicos tradicionales como lo es la reducci\u00f3n de costos, la simplificaci\u00f3n en la administraci\u00f3n de [&hellip;]<\/p>\n","protected":false},"author":383,"featured_media":0,"parent":0,"menu_order":0,"comment_status":"open","ping_status":"open","template":"fullwidthpage.php","meta":[],"aioseo_notices":[],"_links":{"self":[{"href":"https:\/\/ractechnologies.comercialrac.com.mx\/index.php?rest_route=\/wp\/v2\/pages\/3527"}],"collection":[{"href":"https:\/\/ractechnologies.comercialrac.com.mx\/index.php?rest_route=\/wp\/v2\/pages"}],"about":[{"href":"https:\/\/ractechnologies.comercialrac.com.mx\/index.php?rest_route=\/wp\/v2\/types\/page"}],"author":[{"embeddable":true,"href":"https:\/\/ractechnologies.comercialrac.com.mx\/index.php?rest_route=\/wp\/v2\/users\/383"}],"replies":[{"embeddable":true,"href":"https:\/\/ractechnologies.comercialrac.com.mx\/index.php?rest_route=%2Fwp%2Fv2%2Fcomments&post=3527"}],"version-history":[{"count":3,"href":"https:\/\/ractechnologies.comercialrac.com.mx\/index.php?rest_route=\/wp\/v2\/pages\/3527\/revisions"}],"predecessor-version":[{"id":5117,"href":"https:\/\/ractechnologies.comercialrac.com.mx\/index.php?rest_route=\/wp\/v2\/pages\/3527\/revisions\/5117"}],"wp:attachment":[{"href":"https:\/\/ractechnologies.comercialrac.com.mx\/index.php?rest_route=%2Fwp%2Fv2%2Fmedia&parent=3527"}],"curies":[{"name":"wp","href":"https:\/\/api.w.org\/{rel}","templated":true}]}}