{"id":3521,"date":"2013-10-20T03:05:23","date_gmt":"2013-10-20T03:05:23","guid":{"rendered":"http:\/\/localhost\/ComercialRac\/?page_id=136"},"modified":"2014-03-05T02:04:26","modified_gmt":"2014-03-05T02:04:26","slug":"panasonic-2","status":"publish","type":"page","link":"https:\/\/ractechnologies.comercialrac.com.mx\/?page_id=3521","title":{"rendered":"Panasonic"},"content":{"rendered":"<h2 style=\"text-align: justify;\">Con su gama de soluciones en comunicaci\u00f3n, Panasonic aprovecha d\u00e9cadas de experiencia para ofrecer una tecnolog\u00eda l\u00edder dentro del sector, innovadora y reconocida en todo el mundo.<\/h2>\n<h2 style=\"text-align: justify;\">Los sistemas telef\u00f3nicos avanzados de Panasonic y la exclusiva tecnolog\u00eda para conferencias de alta definici\u00f3n incorporan una gran flexibilidad y funcionalidad con numerosas prestaciones, ofreciendo una calidad de audio \u00a0y una fiabilidad excelentes, as\u00ed como una configuraci\u00f3n sencilla para que pueda cubrir sus necesidades de forma f\u00e1cil y r\u00e1pida.<\/h2>\n<p>&nbsp;<\/p>\n<table border=\"0\">\n<tbody>\n<tr>\n<td style=\"text-align: center;\"><img decoding=\"async\" loading=\"lazy\" class=\"alignnone\" alt=\"\" src=\"https:\/\/ractechnologies.comercialrac.com.mx\/wp-content\/uploads\/2013\/11\/01.Servidores-de-Comunicacion1.png\" width=\"480\" height=\"167\" \/><\/td>\n<td><img decoding=\"async\" loading=\"lazy\" class=\"alignnone\" alt=\"\" src=\"https:\/\/ractechnologies.comercialrac.com.mx\/wp-content\/uploads\/2013\/11\/02.-Plataformas-de-Comunicacion1.png\" width=\"480\" height=\"167\" \/><\/td>\n<\/tr>\n<tr>\n<td colspan=\"1\"><img decoding=\"async\" loading=\"lazy\" class=\"alignnone\" alt=\"\" src=\"https:\/\/ractechnologies.comercialrac.com.mx\/wp-content\/uploads\/2013\/11\/03-Aplicaciones1.png\" width=\"480\" height=\"167\" \/><\/td>\n<td colspan=\"1\"><img decoding=\"async\" loading=\"lazy\" class=\"alignnone\" alt=\"\" src=\"https:\/\/ractechnologies.comercialrac.com.mx\/wp-content\/uploads\/2013\/11\/04.Videoconferencia-1.png\" width=\"480\" height=\"167\" \/><\/td>\n<\/tr>\n<tr>\n<td><img decoding=\"async\" loading=\"lazy\" class=\"alignnone\" alt=\"\" src=\"https:\/\/ractechnologies.comercialrac.com.mx\/wp-content\/uploads\/2013\/11\/05.Telefonia-1.png\" width=\"480\" height=\"167\" \/><\/td>\n<td><\/td>\n<\/tr>\n<\/tbody>\n<\/table>\n","protected":false},"excerpt":{"rendered":"<p>Con su gama de soluciones en comunicaci\u00f3n, Panasonic aprovecha d\u00e9cadas de experiencia para ofrecer una tecnolog\u00eda l\u00edder dentro del sector, innovadora y reconocida en todo el mundo. Los sistemas telef\u00f3nicos avanzados de Panasonic y la exclusiva tecnolog\u00eda para conferencias de alta definici\u00f3n incorporan una gran flexibilidad y funcionalidad con numerosas prestaciones, ofreciendo una calidad de [&hellip;]<\/p>\n","protected":false},"author":383,"featured_media":0,"parent":0,"menu_order":0,"comment_status":"open","ping_status":"open","template":"fullwidthpage.php","meta":[],"aioseo_notices":[],"_links":{"self":[{"href":"https:\/\/ractechnologies.comercialrac.com.mx\/index.php?rest_route=\/wp\/v2\/pages\/3521"}],"collection":[{"href":"https:\/\/ractechnologies.comercialrac.com.mx\/index.php?rest_route=\/wp\/v2\/pages"}],"about":[{"href":"https:\/\/ractechnologies.comercialrac.com.mx\/index.php?rest_route=\/wp\/v2\/types\/page"}],"author":[{"embeddable":true,"href":"https:\/\/ractechnologies.comercialrac.com.mx\/index.php?rest_route=\/wp\/v2\/users\/383"}],"replies":[{"embeddable":true,"href":"https:\/\/ractechnologies.comercialrac.com.mx\/index.php?rest_route=%2Fwp%2Fv2%2Fcomments&post=3521"}],"version-history":[{"count":5,"href":"https:\/\/ractechnologies.comercialrac.com.mx\/index.php?rest_route=\/wp\/v2\/pages\/3521\/revisions"}],"predecessor-version":[{"id":4260,"href":"https:\/\/ractechnologies.comercialrac.com.mx\/index.php?rest_route=\/wp\/v2\/pages\/3521\/revisions\/4260"}],"wp:attachment":[{"href":"https:\/\/ractechnologies.comercialrac.com.mx\/index.php?rest_route=%2Fwp%2Fv2%2Fmedia&parent=3521"}],"curies":[{"name":"wp","href":"https:\/\/api.w.org\/{rel}","templated":true}]}}