{"id":213,"date":"2013-10-21T18:42:35","date_gmt":"2013-10-21T18:42:35","guid":{"rendered":"http:\/\/localhost\/ComercialRac\/?page_id=213"},"modified":"2014-05-26T17:22:39","modified_gmt":"2014-05-26T17:22:39","slug":"terminales-del-sistema","status":"publish","type":"page","link":"https:\/\/ractechnologies.comercialrac.com.mx\/?page_id=213","title":{"rendered":"Terminales del sistema"},"content":{"rendered":"<h3 style=\"text-align: justify;\"><img decoding=\"async\" loading=\"lazy\" class=\"alignnone\" alt=\"\" src=\"https:\/\/ractechnologies.comercialrac.com.mx\/wp-content\/uploads\/2014\/05\/TerminalesdelSistemaEncabezado.png\" width=\"944\" height=\"200\" \/><\/h3>\n<h1><a href=\"https:\/\/ractechnologies.comercialrac.com.mx\/wp-content\/uploads\/2014\/05\/BR.24Terminal-Brochure.pdf\"><img decoding=\"async\" loading=\"lazy\" class=\"alignright\" alt=\"\" src=\"https:\/\/ractechnologies.comercialrac.com.mx\/wp-content\/uploads\/2013\/11\/folleto1.png\" width=\"150\" height=\"30\" \/><\/a><\/h1>\n<p>&nbsp;<\/p>\n<h1 style=\"text-align: justify;\"><span style=\"color: #660099;\">Incorpore nueva calidad a sus comunicaciones\u00a0<\/span><\/h1>\n<h3 style=\"text-align: justify;\">Con una reputaci\u00f3n demostrada, en t\u00e9rminos de calidad de audio y dise\u00f1o inteligentes, Panasonic le ayuda a seleccionar terminales de tel\u00e9fonos capaces, de responder en forma exacta a sus necesidades especificas, con una gama de dispositivos que cubre todas las necesidades empresariales.<\/h3>\n<h3 style=\"text-align: justify;\">Los tel\u00e9fonos IP de la serie NT500, le ofrece la mejor calidad de audio de su categor\u00eda, con audio HD de banda ancha, anulaci\u00f3n optimizada de eco, y una c\u00e1mara ac\u00fastica expandida. La serie de tel\u00e9fonos digitales DT500 ofrece una funcionalidad completa, tecnolog\u00eda intuitiva e interfaz de f\u00e1cil uso que garantizan un nivel superior en capacidad de uso y comodidad en el escritorio<\/h3>\n<p><span style=\"line-height: 1.5em;\">\u00a0<\/span><\/p>\n<table border=\"0\">\n<tbody>\n<tr>\n<td>\n<h2>Tel\u00e9fonos IP. KX-NT500<\/h2>\n<\/td>\n<td><\/td>\n<\/tr>\n<tr>\n<td><img decoding=\"async\" loading=\"lazy\" class=\"alignnone\" alt=\"\" src=\"https:\/\/ractechnologies.comercialrac.com.mx\/wp-content\/uploads\/2014\/05\/80.KX-NT560-e1401123386297.png\" width=\"460\" height=\"212\" \/><\/td>\n<td><img decoding=\"async\" loading=\"lazy\" class=\"alignnone\" alt=\"\" src=\"https:\/\/ractechnologies.comercialrac.com.mx\/wp-content\/uploads\/2014\/05\/81.KX-NT556553-e1401123511205.png\" width=\"460\" height=\"213\" \/><\/td>\n<\/tr>\n<tr>\n<td><img decoding=\"async\" loading=\"lazy\" class=\"alignnone\" alt=\"\" src=\"https:\/\/ractechnologies.comercialrac.com.mx\/wp-content\/uploads\/2014\/05\/82.KX-NT551-e1401123647867.png\" width=\"460\" height=\"213\" \/><\/td>\n<td><img decoding=\"async\" loading=\"lazy\" class=\"alignnone\" alt=\"\" src=\"https:\/\/ractechnologies.comercialrac.com.mx\/wp-content\/uploads\/2014\/05\/83.KX-NT546543-e1401123740278.png\" width=\"460\" height=\"213\" \/><\/td>\n<\/tr>\n<tr>\n<td><img decoding=\"async\" loading=\"lazy\" class=\"alignnone\" alt=\"\" src=\"https:\/\/ractechnologies.comercialrac.com.mx\/wp-content\/uploads\/2014\/05\/84.KX-NT511-e1401123841269.png\" width=\"460\" height=\"213\" \/><\/td>\n<td><img decoding=\"async\" loading=\"lazy\" class=\"alignnone\" alt=\"\" src=\"https:\/\/ractechnologies.comercialrac.com.mx\/wp-content\/uploads\/2014\/05\/85.KX-NT505-e1401123932332.png\" width=\"460\" height=\"213\" \/><\/td>\n<\/tr>\n<tr>\n<td>\n<h2>Telefonos Digitales KX-DT500<\/h2>\n<\/td>\n<td><\/td>\n<\/tr>\n<tr>\n<td><img decoding=\"async\" loading=\"lazy\" class=\"alignnone\" alt=\"\" src=\"https:\/\/ractechnologies.comercialrac.com.mx\/wp-content\/uploads\/2014\/05\/86.KX-DT546-e1401124179555.png\" width=\"460\" height=\"213\" \/><\/td>\n<td><img decoding=\"async\" loading=\"lazy\" class=\"alignnone\" alt=\"\" src=\"https:\/\/ractechnologies.comercialrac.com.mx\/wp-content\/uploads\/2014\/05\/87.KX-DT543-e1401124286824.png\" width=\"460\" height=\"213\" \/><\/td>\n<\/tr>\n<tr>\n<td><img decoding=\"async\" loading=\"lazy\" class=\"alignnone\" alt=\"\" src=\"https:\/\/ractechnologies.comercialrac.com.mx\/wp-content\/uploads\/2014\/05\/88.KX-DT521-e1401124378620.png\" width=\"460\" height=\"213\" \/><\/td>\n<td><img decoding=\"async\" loading=\"lazy\" class=\"alignnone\" alt=\"\" src=\"https:\/\/ractechnologies.comercialrac.com.mx\/wp-content\/uploads\/2014\/05\/89.KX-DT590-e1401124456538.png\" width=\"460\" height=\"213\" \/><\/td>\n<\/tr>\n<tr>\n<td><\/td>\n<td><\/td>\n<\/tr>\n<\/tbody>\n<\/table>\n","protected":false},"excerpt":{"rendered":"<p>&nbsp; Incorpore nueva calidad a sus comunicaciones\u00a0 Con una reputaci\u00f3n demostrada, en t\u00e9rminos de calidad de audio y dise\u00f1o inteligentes, Panasonic le ayuda a seleccionar terminales de tel\u00e9fonos capaces, de responder en forma exacta a sus necesidades especificas, con una gama de dispositivos que cubre todas las necesidades empresariales. Los tel\u00e9fonos IP de la serie [&hellip;]<\/p>\n","protected":false},"author":383,"featured_media":0,"parent":0,"menu_order":0,"comment_status":"open","ping_status":"open","template":"fullwidthpage.php","meta":[],"aioseo_notices":[],"_links":{"self":[{"href":"https:\/\/ractechnologies.comercialrac.com.mx\/index.php?rest_route=\/wp\/v2\/pages\/213"}],"collection":[{"href":"https:\/\/ractechnologies.comercialrac.com.mx\/index.php?rest_route=\/wp\/v2\/pages"}],"about":[{"href":"https:\/\/ractechnologies.comercialrac.com.mx\/index.php?rest_route=\/wp\/v2\/types\/page"}],"author":[{"embeddable":true,"href":"https:\/\/ractechnologies.comercialrac.com.mx\/index.php?rest_route=\/wp\/v2\/users\/383"}],"replies":[{"embeddable":true,"href":"https:\/\/ractechnologies.comercialrac.com.mx\/index.php?rest_route=%2Fwp%2Fv2%2Fcomments&post=213"}],"version-history":[{"count":13,"href":"https:\/\/ractechnologies.comercialrac.com.mx\/index.php?rest_route=\/wp\/v2\/pages\/213\/revisions"}],"predecessor-version":[{"id":4359,"href":"https:\/\/ractechnologies.comercialrac.com.mx\/index.php?rest_route=\/wp\/v2\/pages\/213\/revisions\/4359"}],"wp:attachment":[{"href":"https:\/\/ractechnologies.comercialrac.com.mx\/index.php?rest_route=%2Fwp%2Fv2%2Fmedia&parent=213"}],"curies":[{"name":"wp","href":"https:\/\/api.w.org\/{rel}","templated":true}]}}