{"id":211,"date":"2013-10-21T18:39:03","date_gmt":"2013-10-21T18:39:03","guid":{"rendered":"http:\/\/localhost\/ComercialRac\/?page_id=211"},"modified":"2014-03-08T03:13:56","modified_gmt":"2014-03-08T03:13:56","slug":"sistema-de-comunicacion-analogico-kx-tes824","status":"publish","type":"page","link":"https:\/\/ractechnologies.comercialrac.com.mx\/?page_id=211","title":{"rendered":"Sistema de comunicaci\u00f3n anal\u00f3gico KX-TES824"},"content":{"rendered":"<h2 style=\"text-align: justify;\"><span style=\"color: #660099;\">Soluci\u00f3n \u00abAll in One\u00bb<\/span><\/h2>\n<h3 style=\"text-align: justify;\">El sistema de comunicaci\u00f3n KX-TES824,\u00a0 es un sistema telef\u00f3nico que puede manejar sus negocios y necesidades personales, provee funciones que satisfacen a los usuarios mas sofisticados conscientes de los costos.<\/h3>\n<h3 style=\"text-align: justify;\">Puede conectar una variedad de equipos de comunicaci\u00f3n como tel\u00e9fonos inal\u00e1mbricos, contestadores telef\u00f3nicos, m\u00f3dems, maquinas verificadoras de tarjetas de cr\u00e9dito, faxes y cualquier otro equipo que trabaje con l\u00edneas telef\u00f3nicas convencionales, el conmutador KX-TES824, es ideal para negocios peque\u00f1os u oficinas en casa que requieren un sistema flexible con un alto grado de sofisticaci\u00f3n.<\/h3>\n<p>&nbsp;<\/p>\n<table border=\"0\">\n<tbody>\n<tr>\n<td><img decoding=\"async\" loading=\"lazy\" class=\"alignnone  wp-image-498\" alt=\"18.KX-TES824.Cap\" src=\"https:\/\/ractechnologies.comercialrac.com.mx\/wp-content\/uploads\/2013\/11\/18.KX-TES824.Cap_1.png\" width=\"680\" height=\"270\" \/><\/td>\n<\/tr>\n<tr>\n<td>\n<address>\u2022 Funciones \u00fatiles y eficientes<\/address>\n<address>\u2022 Manejo eficiente de llamadas<\/address>\n<address>\u2022 Administraci\u00f3n econ\u00f3mica de costos<\/address>\n<address>\u2022 F\u00e1cil mantenimiento<\/address>\n<\/td>\n<\/tr>\n<\/tbody>\n<\/table>\n","protected":false},"excerpt":{"rendered":"<p>Soluci\u00f3n \u00abAll in One\u00bb El sistema de comunicaci\u00f3n KX-TES824,\u00a0 es un sistema telef\u00f3nico que puede manejar sus negocios y necesidades personales, provee funciones que satisfacen a los usuarios mas sofisticados conscientes de los costos. Puede conectar una variedad de equipos de comunicaci\u00f3n como tel\u00e9fonos inal\u00e1mbricos, contestadores telef\u00f3nicos, m\u00f3dems, maquinas verificadoras de tarjetas de cr\u00e9dito, faxes [&hellip;]<\/p>\n","protected":false},"author":383,"featured_media":0,"parent":0,"menu_order":0,"comment_status":"open","ping_status":"open","template":"personalizada-kxtes.php","meta":[],"aioseo_notices":[],"_links":{"self":[{"href":"https:\/\/ractechnologies.comercialrac.com.mx\/index.php?rest_route=\/wp\/v2\/pages\/211"}],"collection":[{"href":"https:\/\/ractechnologies.comercialrac.com.mx\/index.php?rest_route=\/wp\/v2\/pages"}],"about":[{"href":"https:\/\/ractechnologies.comercialrac.com.mx\/index.php?rest_route=\/wp\/v2\/types\/page"}],"author":[{"embeddable":true,"href":"https:\/\/ractechnologies.comercialrac.com.mx\/index.php?rest_route=\/wp\/v2\/users\/383"}],"replies":[{"embeddable":true,"href":"https:\/\/ractechnologies.comercialrac.com.mx\/index.php?rest_route=%2Fwp%2Fv2%2Fcomments&post=211"}],"version-history":[{"count":4,"href":"https:\/\/ractechnologies.comercialrac.com.mx\/index.php?rest_route=\/wp\/v2\/pages\/211\/revisions"}],"predecessor-version":[{"id":4282,"href":"https:\/\/ractechnologies.comercialrac.com.mx\/index.php?rest_route=\/wp\/v2\/pages\/211\/revisions\/4282"}],"wp:attachment":[{"href":"https:\/\/ractechnologies.comercialrac.com.mx\/index.php?rest_route=%2Fwp%2Fv2%2Fmedia&parent=211"}],"curies":[{"name":"wp","href":"https:\/\/api.w.org\/{rel}","templated":true}]}}